{"id":10,"date":"2017-05-04T02:53:32","date_gmt":"2017-05-04T02:53:32","guid":{"rendered":"http:\/\/www.janotti.com.br\/sports\/?page_id=10"},"modified":"2017-07-08T04:32:57","modified_gmt":"2017-07-08T04:32:57","slug":"reve-dor","status":"publish","type":"page","link":"https:\/\/www.janotti.com.br\/sports\/reve-dor\/","title":{"rendered":"R\u00eave D&#8217;or"},"content":{"rendered":"<div class=\"container clearfix\">\n<div class=\"section-title clearfix medium text-left \">\n<h3 class=\"heading\"><img loading=\"lazy\" decoding=\"async\" class=\"alignnone size-full wp-image-902\" src=\"http:\/\/www.janotti.com.br\/sports\/wp-content\/uploads\/2017\/05\/logo_revedor_revedor_sport_web_small.png\" alt=\"\" width=\"417\" height=\"130\" \/><\/h3>\n<\/div>\n<\/div>\n<div class=\"container list-grid\">\n<div class=\"grid\">\n<div id=\"layers-widget-column-61-799\" class=\"layers-masonry-column layers-widget-column-799 span-12  last  column \">\n<div class=\"media image-top medium\">\n<div class=\"media-body text-left\">\n<div class=\"excerpt\">\n<p>A R\u00eave D\u2019or \u00e9 uma empresa especializada na cria\u00e7\u00e3o e fabrica\u00e7\u00e3o de produtos de confec\u00e7\u00e3o para o segmento Beb\u00ea-infantil. Somos especializados em\u00a0<strong>sa\u00eddas de maternidades.\u00a0<\/strong>Oferecemos v\u00e1rias op\u00e7\u00f5es para seu beb\u00ea sair da maternidade como um pr\u00edncipe ou uma princesa.<\/p>\n<p>Temos tamb\u00e9m, licenciados os principais Clubes de Futebol do Brasil, onde nossos clientes podem vestir com a roupa do seu time do cora\u00e7\u00e3o o seu pequeno campe\u00e3o ou sua pequena campe\u00e3.<\/p>\n<p>Nos preocupamos com cada detalhe, para satisfa\u00e7\u00e3o dos parceiros e consumidores mais exigentes.<\/p>\n<p>Disponibilizamos uma grande variedade de produtos, como: Kits Sa\u00edda de Maternidade com Porta Beb\u00ea ou Manta, Conjuntos, Macac\u00f5es, Bodies, Camisetas, Toalhas entre outros.<\/p>\n<p>Naveguem no site e vejam algumas op\u00e7\u00f5es que temos para oferecer ou entrem em contato que teremos o maior prazer em atend\u00ea-los.<\/p>\n<p><strong>R\u00eave D\u2019or \u2013 do franc\u00eas R\u00eave (Sonho) D\u2019or (de ouro ou dourado)<\/strong>\u00a0\u00e9 uma empresa especializada na cria\u00e7\u00e3o e fabrica\u00e7\u00e3o de produtos de confec\u00e7\u00e3o para o segmento Beb\u00ea-infantil.<\/p>\n<p>Tem como princ\u00edpio b\u00e1sico, o reconhecimento e a valoriza\u00e7\u00e3o da m\u00e3o de obra nacional e busca manter-se em dia com a natureza e os conceitos de sustentabilidade e responsabilidade ambiental.<\/p>\n<p>Com sede em Santo Andr\u00e9 \u2013 SP, projeta, cria, desenvolve e fabrica uma variada linha de produtos voltados para o p\u00fablico-alvo beb\u00ea\/infantil, primando sempre pelo bom gosto e excel\u00eancia em qualidade e levando para o universo dos beb\u00eas e das crian\u00e7as, o glamour da moda em pequenos toques que enriquecem e enchem de charme os pequeninos.<\/p>\n<p>Foram em busca de novos mercados, onde visualizaram um nicho que at\u00e9 ent\u00e3o n\u00e3o era explorado: Licenciamento de clubes de futebol numa linha mais sofisticada, para beb\u00eas e crian\u00e7as. E hoje, ap\u00f3s v\u00e1rios anos do in\u00edcio do projeto, conta com os quatro principais clubes de S\u00e3o Paulo (S\u00e3o Paulo, Corinthians, Palmeiras e Santos), tr\u00eas do Rio de Janeiro (Vasco, Fluminense e Flamengo), Minas Gerais (Cruzeiro e Atl\u00e9tico Mineiro), Rio Grande do Sul (Gr\u00eamio e Internacional). Mas n\u00e3o pararam por a\u00ed, em breve, vai ter novidades com os principais clubes do Brasil.<\/p>\n<p>Desmembra-se nas seguintes linhas de produtos:<\/p>\n<ul>\n<li><strong>R\u00eave D\u2019or \u2013 Baby<\/strong>\n<ul>\n<li>Mat\u00e9ria prima utilizada e confec\u00e7\u00e3o de \u00f3tima qualidade;<\/li>\n<li>Nossas modelagens seguem as normas da ABNT, respeitando os tamanhos reais que vestem confortavelmente o seu delicado beb\u00ea, que necessita de roupas delicadas e macias nos seus primeiros 36 meses de vida;<\/li>\n<\/ul>\n<\/li>\n<li><strong>R\u00eave D\u2019or Sport<\/strong>\n<ul>\n<li>Produtos com a mesma qualidade da\u00a0<strong>R\u00eave D\u2019or Baby;<\/strong><\/li>\n<li>Respeito as cores de cada clube, com op\u00e7\u00f5es de modelos esportivos e casuais, proporcionando conforto e delicadeza ao seu beb\u00ea;<\/li>\n<li>Lindas op\u00e7\u00f5es para guardar de recorda\u00e7\u00e3o a primeira roupinha do seu time.<\/li>\n<li>Al\u00e9m de todas as qualidades descritas, \u00a0a\u00a0<strong>R\u00caVE D\u2019OR SPORT<\/strong>\u00a0realiza o sonho dos papais, em vestir seus pequenos torcedores com as cores do seu time do cora\u00e7\u00e3o, o que os torna \u00a0\u201cTorcedores desde o ber\u00e7o\u201d<\/li>\n<\/ul>\n<\/li>\n<\/ul>\n<\/div>\n<\/div>\n<\/div>\n<\/div>\n<\/div>\n<\/div>\n<input class=\"fooboxshare_post_id\" type=\"hidden\" value=\"10\"\/>","protected":false},"excerpt":{"rendered":"<div class=\"entry-summary\">\n<div class=\"entry-summary\">\nA R\u00eave D\u2019or \u00e9 uma empresa especializada na cria\u00e7\u00e3o e fabrica\u00e7\u00e3o de&hellip;\n<\/div>\n<div class=\"link-more\"><a href=\"https:\/\/www.janotti.com.br\/sports\/reve-dor\/\" class=\"more-link\">Continue reading<span class=\"screen-reader-text\"> &ldquo;R\u00eave D&#8217;or&rdquo;<\/span>&hellip;<\/a><\/div>\n<\/div>\n<div class=\"link-more\"><a href=\"https:\/\/www.janotti.com.br\/sports\/reve-dor\/\" class=\"more-link\">Continue reading<span class=\"screen-reader-text\"> &ldquo;R\u00eave D&#8217;or&rdquo;<\/span>&hellip;<\/a><\/div>\n","protected":false},"author":1,"featured_media":0,"parent":0,"menu_order":0,"comment_status":"closed","ping_status":"closed","template":"page-template\/_fullwidth.php","meta":{"_acf_changed":false,"footnotes":""},"class_list":["post-10","page","type-page","status-publish","hentry","entry"],"acf":[],"yoast_head":"<!-- This site is optimized with the Yoast SEO plugin v23.7 - https:\/\/yoast.com\/wordpress\/plugins\/seo\/ -->\n<title>R\u00eave D&#039;or - Janotti Sports<\/title>\n<meta name=\"robots\" content=\"index, follow, max-snippet:-1, max-image-preview:large, max-video-preview:-1\" \/>\n<link rel=\"canonical\" href=\"https:\/\/www.janotti.com.br\/sports\/reve-dor\/\" \/>\n<meta property=\"og:locale\" content=\"pt_BR\" \/>\n<meta property=\"og:type\" content=\"article\" \/>\n<meta property=\"og:title\" content=\"R\u00eave D&#039;or - Janotti Sports\" \/>\n<meta property=\"og:description\" content=\"A R\u00eave D\u2019or \u00e9 uma empresa especializada na cria\u00e7\u00e3o e fabrica\u00e7\u00e3o de&hellip; Continue reading &ldquo;R\u00eave D&#8217;or&rdquo;&hellip;\" \/>\n<meta property=\"og:url\" content=\"https:\/\/www.janotti.com.br\/sports\/reve-dor\/\" \/>\n<meta property=\"og:site_name\" content=\"Janotti Sports\" \/>\n<meta property=\"article:modified_time\" content=\"2017-07-08T04:32:57+00:00\" \/>\n<meta property=\"og:image\" content=\"http:\/\/www.janotti.com.br\/sports\/wp-content\/uploads\/2017\/05\/logo_revedor_revedor_sport_web_small.png\" \/>\n<meta name=\"twitter:card\" content=\"summary_large_image\" \/>\n<meta name=\"twitter:label1\" content=\"Est. tempo de leitura\" \/>\n\t<meta name=\"twitter:data1\" content=\"3 minutos\" \/>\n<script type=\"application\/ld+json\" class=\"yoast-schema-graph\">{\"@context\":\"https:\/\/schema.org\",\"@graph\":[{\"@type\":\"WebPage\",\"@id\":\"https:\/\/www.janotti.com.br\/sports\/reve-dor\/\",\"url\":\"https:\/\/www.janotti.com.br\/sports\/reve-dor\/\",\"name\":\"R\u00eave D'or - Janotti Sports\",\"isPartOf\":{\"@id\":\"https:\/\/www.janotti.com.br\/sports\/#website\"},\"primaryImageOfPage\":{\"@id\":\"https:\/\/www.janotti.com.br\/sports\/reve-dor\/#primaryimage\"},\"image\":{\"@id\":\"https:\/\/www.janotti.com.br\/sports\/reve-dor\/#primaryimage\"},\"thumbnailUrl\":\"http:\/\/www.janotti.com.br\/sports\/wp-content\/uploads\/2017\/05\/logo_revedor_revedor_sport_web_small.png\",\"datePublished\":\"2017-05-04T02:53:32+00:00\",\"dateModified\":\"2017-07-08T04:32:57+00:00\",\"breadcrumb\":{\"@id\":\"https:\/\/www.janotti.com.br\/sports\/reve-dor\/#breadcrumb\"},\"inLanguage\":\"pt-BR\",\"potentialAction\":[{\"@type\":\"ReadAction\",\"target\":[\"https:\/\/www.janotti.com.br\/sports\/reve-dor\/\"]}]},{\"@type\":\"ImageObject\",\"inLanguage\":\"pt-BR\",\"@id\":\"https:\/\/www.janotti.com.br\/sports\/reve-dor\/#primaryimage\",\"url\":\"http:\/\/www.janotti.com.br\/sports\/wp-content\/uploads\/2017\/05\/logo_revedor_revedor_sport_web_small.png\",\"contentUrl\":\"http:\/\/www.janotti.com.br\/sports\/wp-content\/uploads\/2017\/05\/logo_revedor_revedor_sport_web_small.png\"},{\"@type\":\"BreadcrumbList\",\"@id\":\"https:\/\/www.janotti.com.br\/sports\/reve-dor\/#breadcrumb\",\"itemListElement\":[{\"@type\":\"ListItem\",\"position\":1,\"name\":\"In\u00edcio\",\"item\":\"https:\/\/www.janotti.com.br\/sports\/\"},{\"@type\":\"ListItem\",\"position\":2,\"name\":\"R\u00eave D&#8217;or\"}]},{\"@type\":\"WebSite\",\"@id\":\"https:\/\/www.janotti.com.br\/sports\/#website\",\"url\":\"https:\/\/www.janotti.com.br\/sports\/\",\"name\":\"Janotti Sports\",\"description\":\"\",\"publisher\":{\"@id\":\"https:\/\/www.janotti.com.br\/sports\/#organization\"},\"potentialAction\":[{\"@type\":\"SearchAction\",\"target\":{\"@type\":\"EntryPoint\",\"urlTemplate\":\"https:\/\/www.janotti.com.br\/sports\/?s={search_term_string}\"},\"query-input\":{\"@type\":\"PropertyValueSpecification\",\"valueRequired\":true,\"valueName\":\"search_term_string\"}}],\"inLanguage\":\"pt-BR\"},{\"@type\":\"Organization\",\"@id\":\"https:\/\/www.janotti.com.br\/sports\/#organization\",\"name\":\"Janotti Sports\",\"url\":\"https:\/\/www.janotti.com.br\/sports\/\",\"logo\":{\"@type\":\"ImageObject\",\"inLanguage\":\"pt-BR\",\"@id\":\"https:\/\/www.janotti.com.br\/sports\/#\/schema\/logo\/image\/\",\"url\":\"https:\/\/www.janotti.com.br\/sports\/wp-content\/uploads\/2017\/05\/cropped-Logo-Janotti-sports-Site.png\",\"contentUrl\":\"https:\/\/www.janotti.com.br\/sports\/wp-content\/uploads\/2017\/05\/cropped-Logo-Janotti-sports-Site.png\",\"width\":273,\"height\":90,\"caption\":\"Janotti Sports\"},\"image\":{\"@id\":\"https:\/\/www.janotti.com.br\/sports\/#\/schema\/logo\/image\/\"}}]}<\/script>\n<!-- \/ Yoast SEO plugin. -->","yoast_head_json":{"title":"R\u00eave D'or - Janotti Sports","robots":{"index":"index","follow":"follow","max-snippet":"max-snippet:-1","max-image-preview":"max-image-preview:large","max-video-preview":"max-video-preview:-1"},"canonical":"https:\/\/www.janotti.com.br\/sports\/reve-dor\/","og_locale":"pt_BR","og_type":"article","og_title":"R\u00eave D'or - Janotti Sports","og_description":"A R\u00eave D\u2019or \u00e9 uma empresa especializada na cria\u00e7\u00e3o e fabrica\u00e7\u00e3o de&hellip; Continue reading &ldquo;R\u00eave D&#8217;or&rdquo;&hellip;","og_url":"https:\/\/www.janotti.com.br\/sports\/reve-dor\/","og_site_name":"Janotti Sports","article_modified_time":"2017-07-08T04:32:57+00:00","og_image":[{"url":"http:\/\/www.janotti.com.br\/sports\/wp-content\/uploads\/2017\/05\/logo_revedor_revedor_sport_web_small.png"}],"twitter_card":"summary_large_image","twitter_misc":{"Est. tempo de leitura":"3 minutos"},"schema":{"@context":"https:\/\/schema.org","@graph":[{"@type":"WebPage","@id":"https:\/\/www.janotti.com.br\/sports\/reve-dor\/","url":"https:\/\/www.janotti.com.br\/sports\/reve-dor\/","name":"R\u00eave D'or - Janotti Sports","isPartOf":{"@id":"https:\/\/www.janotti.com.br\/sports\/#website"},"primaryImageOfPage":{"@id":"https:\/\/www.janotti.com.br\/sports\/reve-dor\/#primaryimage"},"image":{"@id":"https:\/\/www.janotti.com.br\/sports\/reve-dor\/#primaryimage"},"thumbnailUrl":"http:\/\/www.janotti.com.br\/sports\/wp-content\/uploads\/2017\/05\/logo_revedor_revedor_sport_web_small.png","datePublished":"2017-05-04T02:53:32+00:00","dateModified":"2017-07-08T04:32:57+00:00","breadcrumb":{"@id":"https:\/\/www.janotti.com.br\/sports\/reve-dor\/#breadcrumb"},"inLanguage":"pt-BR","potentialAction":[{"@type":"ReadAction","target":["https:\/\/www.janotti.com.br\/sports\/reve-dor\/"]}]},{"@type":"ImageObject","inLanguage":"pt-BR","@id":"https:\/\/www.janotti.com.br\/sports\/reve-dor\/#primaryimage","url":"http:\/\/www.janotti.com.br\/sports\/wp-content\/uploads\/2017\/05\/logo_revedor_revedor_sport_web_small.png","contentUrl":"http:\/\/www.janotti.com.br\/sports\/wp-content\/uploads\/2017\/05\/logo_revedor_revedor_sport_web_small.png"},{"@type":"BreadcrumbList","@id":"https:\/\/www.janotti.com.br\/sports\/reve-dor\/#breadcrumb","itemListElement":[{"@type":"ListItem","position":1,"name":"In\u00edcio","item":"https:\/\/www.janotti.com.br\/sports\/"},{"@type":"ListItem","position":2,"name":"R\u00eave D&#8217;or"}]},{"@type":"WebSite","@id":"https:\/\/www.janotti.com.br\/sports\/#website","url":"https:\/\/www.janotti.com.br\/sports\/","name":"Janotti Sports","description":"","publisher":{"@id":"https:\/\/www.janotti.com.br\/sports\/#organization"},"potentialAction":[{"@type":"SearchAction","target":{"@type":"EntryPoint","urlTemplate":"https:\/\/www.janotti.com.br\/sports\/?s={search_term_string}"},"query-input":{"@type":"PropertyValueSpecification","valueRequired":true,"valueName":"search_term_string"}}],"inLanguage":"pt-BR"},{"@type":"Organization","@id":"https:\/\/www.janotti.com.br\/sports\/#organization","name":"Janotti Sports","url":"https:\/\/www.janotti.com.br\/sports\/","logo":{"@type":"ImageObject","inLanguage":"pt-BR","@id":"https:\/\/www.janotti.com.br\/sports\/#\/schema\/logo\/image\/","url":"https:\/\/www.janotti.com.br\/sports\/wp-content\/uploads\/2017\/05\/cropped-Logo-Janotti-sports-Site.png","contentUrl":"https:\/\/www.janotti.com.br\/sports\/wp-content\/uploads\/2017\/05\/cropped-Logo-Janotti-sports-Site.png","width":273,"height":90,"caption":"Janotti Sports"},"image":{"@id":"https:\/\/www.janotti.com.br\/sports\/#\/schema\/logo\/image\/"}}]}},"_links":{"self":[{"href":"https:\/\/www.janotti.com.br\/sports\/wp-json\/wp\/v2\/pages\/10"}],"collection":[{"href":"https:\/\/www.janotti.com.br\/sports\/wp-json\/wp\/v2\/pages"}],"about":[{"href":"https:\/\/www.janotti.com.br\/sports\/wp-json\/wp\/v2\/types\/page"}],"author":[{"embeddable":true,"href":"https:\/\/www.janotti.com.br\/sports\/wp-json\/wp\/v2\/users\/1"}],"replies":[{"embeddable":true,"href":"https:\/\/www.janotti.com.br\/sports\/wp-json\/wp\/v2\/comments?post=10"}],"version-history":[{"count":7,"href":"https:\/\/www.janotti.com.br\/sports\/wp-json\/wp\/v2\/pages\/10\/revisions"}],"predecessor-version":[{"id":903,"href":"https:\/\/www.janotti.com.br\/sports\/wp-json\/wp\/v2\/pages\/10\/revisions\/903"}],"wp:attachment":[{"href":"https:\/\/www.janotti.com.br\/sports\/wp-json\/wp\/v2\/media?parent=10"}],"curies":[{"name":"wp","href":"https:\/\/api.w.org\/{rel}","templated":true}]}}