{"id":1088,"date":"2017-07-28T23:16:31","date_gmt":"2017-07-29T02:16:31","guid":{"rendered":"http:\/\/www.janotti.com.br\/sports\/?page_id=1088"},"modified":"2017-12-16T01:48:22","modified_gmt":"2017-12-16T03:48:22","slug":"cebola","status":"publish","type":"page","link":"https:\/\/www.janotti.com.br\/sports\/cebola\/","title":{"rendered":"Cebola"},"content":{"rendered":"<p><img loading=\"lazy\" decoding=\"async\" class=\"alignnone size-full wp-image-1107\" src=\"http:\/\/www.janotti.com.br\/sports\/wp-content\/uploads\/2017\/07\/logo_cebola.jpg\" alt=\"\" width=\"300\" height=\"165\" \/><\/p>\n<h4>As empresas Tatuap\u00e9 e Cebola Produtos Licenciados atuam no no segmento de clubes de futebol, com uma vasta linha de itens para atender a demanda de presentes e souvenirs. A vis\u00e3o das empresas est\u00e1 focada em parceria com as rela\u00e7\u00f5es comerciais atendendo de forma flex\u00edvel as necessidades dos clientes e\/ou parceiros. Produtos Licenciados e de qualidade.<\/h4>\n<h4>Nosso foco s\u00e3o produtos Licenciados, com a mais alta qualidade e profissionalismo. Atendemos diversos clubes do Brasil, qualidade e comprometimento s\u00e3o a base de nosso trabalho. Tamb\u00e9m trabalhamos com personaliza\u00e7\u00e3o para empresas, contacte-nos e fa\u00e7a um or\u00e7amento, nossa vasta linha de produtos com certeza atender\u00e1 suas expectativas e de seus clientes.<\/h4>\n<input class=\"fooboxshare_post_id\" type=\"hidden\" value=\"1088\"\/>","protected":false},"excerpt":{"rendered":"<div class=\"entry-summary\">\n<div class=\"entry-summary\">\nAs empresas Tatuap\u00e9 e Cebola Produtos Licenciados atuam no no segmento de&hellip;\n<\/div>\n<div class=\"link-more\"><a href=\"https:\/\/www.janotti.com.br\/sports\/cebola\/\" class=\"more-link\">Continue reading<span class=\"screen-reader-text\"> &ldquo;Cebola&rdquo;<\/span>&hellip;<\/a><\/div>\n<\/div>\n<div class=\"link-more\"><a href=\"https:\/\/www.janotti.com.br\/sports\/cebola\/\" class=\"more-link\">Continue reading<span class=\"screen-reader-text\"> &ldquo;Cebola&rdquo;<\/span>&hellip;<\/a><\/div>\n","protected":false},"author":1,"featured_media":0,"parent":0,"menu_order":0,"comment_status":"closed","ping_status":"closed","template":"page-template\/_fullwidth.php","meta":{"_acf_changed":false,"footnotes":""},"class_list":["post-1088","page","type-page","status-publish","hentry","entry"],"acf":[],"yoast_head":"<!-- This site is optimized with the Yoast SEO plugin v23.7 - https:\/\/yoast.com\/wordpress\/plugins\/seo\/ -->\n<title>Cebola - Janotti Sports<\/title>\n<meta name=\"robots\" content=\"index, follow, max-snippet:-1, max-image-preview:large, max-video-preview:-1\" \/>\n<link rel=\"canonical\" href=\"https:\/\/www.janotti.com.br\/sports\/cebola\/\" \/>\n<meta property=\"og:locale\" content=\"pt_BR\" \/>\n<meta property=\"og:type\" content=\"article\" \/>\n<meta property=\"og:title\" content=\"Cebola - Janotti Sports\" \/>\n<meta property=\"og:description\" content=\"As empresas Tatuap\u00e9 e Cebola Produtos Licenciados atuam no no segmento de&hellip; Continue reading &ldquo;Cebola&rdquo;&hellip;\" \/>\n<meta property=\"og:url\" content=\"https:\/\/www.janotti.com.br\/sports\/cebola\/\" \/>\n<meta property=\"og:site_name\" content=\"Janotti Sports\" \/>\n<meta property=\"article:modified_time\" content=\"2017-12-16T03:48:22+00:00\" \/>\n<meta property=\"og:image\" content=\"http:\/\/www.janotti.com.br\/sports\/wp-content\/uploads\/2017\/07\/logo_cebola.jpg\" \/>\n<meta name=\"twitter:card\" content=\"summary_large_image\" \/>\n<meta name=\"twitter:label1\" content=\"Est. tempo de leitura\" \/>\n\t<meta name=\"twitter:data1\" content=\"1 minuto\" \/>\n<script type=\"application\/ld+json\" class=\"yoast-schema-graph\">{\"@context\":\"https:\/\/schema.org\",\"@graph\":[{\"@type\":\"WebPage\",\"@id\":\"https:\/\/www.janotti.com.br\/sports\/cebola\/\",\"url\":\"https:\/\/www.janotti.com.br\/sports\/cebola\/\",\"name\":\"Cebola - Janotti Sports\",\"isPartOf\":{\"@id\":\"https:\/\/www.janotti.com.br\/sports\/#website\"},\"primaryImageOfPage\":{\"@id\":\"https:\/\/www.janotti.com.br\/sports\/cebola\/#primaryimage\"},\"image\":{\"@id\":\"https:\/\/www.janotti.com.br\/sports\/cebola\/#primaryimage\"},\"thumbnailUrl\":\"http:\/\/www.janotti.com.br\/sports\/wp-content\/uploads\/2017\/07\/logo_cebola.jpg\",\"datePublished\":\"2017-07-29T02:16:31+00:00\",\"dateModified\":\"2017-12-16T03:48:22+00:00\",\"breadcrumb\":{\"@id\":\"https:\/\/www.janotti.com.br\/sports\/cebola\/#breadcrumb\"},\"inLanguage\":\"pt-BR\",\"potentialAction\":[{\"@type\":\"ReadAction\",\"target\":[\"https:\/\/www.janotti.com.br\/sports\/cebola\/\"]}]},{\"@type\":\"ImageObject\",\"inLanguage\":\"pt-BR\",\"@id\":\"https:\/\/www.janotti.com.br\/sports\/cebola\/#primaryimage\",\"url\":\"http:\/\/www.janotti.com.br\/sports\/wp-content\/uploads\/2017\/07\/logo_cebola.jpg\",\"contentUrl\":\"http:\/\/www.janotti.com.br\/sports\/wp-content\/uploads\/2017\/07\/logo_cebola.jpg\"},{\"@type\":\"BreadcrumbList\",\"@id\":\"https:\/\/www.janotti.com.br\/sports\/cebola\/#breadcrumb\",\"itemListElement\":[{\"@type\":\"ListItem\",\"position\":1,\"name\":\"In\u00edcio\",\"item\":\"https:\/\/www.janotti.com.br\/sports\/\"},{\"@type\":\"ListItem\",\"position\":2,\"name\":\"Cebola\"}]},{\"@type\":\"WebSite\",\"@id\":\"https:\/\/www.janotti.com.br\/sports\/#website\",\"url\":\"https:\/\/www.janotti.com.br\/sports\/\",\"name\":\"Janotti Sports\",\"description\":\"\",\"publisher\":{\"@id\":\"https:\/\/www.janotti.com.br\/sports\/#organization\"},\"potentialAction\":[{\"@type\":\"SearchAction\",\"target\":{\"@type\":\"EntryPoint\",\"urlTemplate\":\"https:\/\/www.janotti.com.br\/sports\/?s={search_term_string}\"},\"query-input\":{\"@type\":\"PropertyValueSpecification\",\"valueRequired\":true,\"valueName\":\"search_term_string\"}}],\"inLanguage\":\"pt-BR\"},{\"@type\":\"Organization\",\"@id\":\"https:\/\/www.janotti.com.br\/sports\/#organization\",\"name\":\"Janotti Sports\",\"url\":\"https:\/\/www.janotti.com.br\/sports\/\",\"logo\":{\"@type\":\"ImageObject\",\"inLanguage\":\"pt-BR\",\"@id\":\"https:\/\/www.janotti.com.br\/sports\/#\/schema\/logo\/image\/\",\"url\":\"https:\/\/www.janotti.com.br\/sports\/wp-content\/uploads\/2017\/05\/cropped-Logo-Janotti-sports-Site.png\",\"contentUrl\":\"https:\/\/www.janotti.com.br\/sports\/wp-content\/uploads\/2017\/05\/cropped-Logo-Janotti-sports-Site.png\",\"width\":273,\"height\":90,\"caption\":\"Janotti Sports\"},\"image\":{\"@id\":\"https:\/\/www.janotti.com.br\/sports\/#\/schema\/logo\/image\/\"}}]}<\/script>\n<!-- \/ Yoast SEO plugin. -->","yoast_head_json":{"title":"Cebola - Janotti Sports","robots":{"index":"index","follow":"follow","max-snippet":"max-snippet:-1","max-image-preview":"max-image-preview:large","max-video-preview":"max-video-preview:-1"},"canonical":"https:\/\/www.janotti.com.br\/sports\/cebola\/","og_locale":"pt_BR","og_type":"article","og_title":"Cebola - Janotti Sports","og_description":"As empresas Tatuap\u00e9 e Cebola Produtos Licenciados atuam no no segmento de&hellip; Continue reading &ldquo;Cebola&rdquo;&hellip;","og_url":"https:\/\/www.janotti.com.br\/sports\/cebola\/","og_site_name":"Janotti Sports","article_modified_time":"2017-12-16T03:48:22+00:00","og_image":[{"url":"http:\/\/www.janotti.com.br\/sports\/wp-content\/uploads\/2017\/07\/logo_cebola.jpg"}],"twitter_card":"summary_large_image","twitter_misc":{"Est. tempo de leitura":"1 minuto"},"schema":{"@context":"https:\/\/schema.org","@graph":[{"@type":"WebPage","@id":"https:\/\/www.janotti.com.br\/sports\/cebola\/","url":"https:\/\/www.janotti.com.br\/sports\/cebola\/","name":"Cebola - Janotti Sports","isPartOf":{"@id":"https:\/\/www.janotti.com.br\/sports\/#website"},"primaryImageOfPage":{"@id":"https:\/\/www.janotti.com.br\/sports\/cebola\/#primaryimage"},"image":{"@id":"https:\/\/www.janotti.com.br\/sports\/cebola\/#primaryimage"},"thumbnailUrl":"http:\/\/www.janotti.com.br\/sports\/wp-content\/uploads\/2017\/07\/logo_cebola.jpg","datePublished":"2017-07-29T02:16:31+00:00","dateModified":"2017-12-16T03:48:22+00:00","breadcrumb":{"@id":"https:\/\/www.janotti.com.br\/sports\/cebola\/#breadcrumb"},"inLanguage":"pt-BR","potentialAction":[{"@type":"ReadAction","target":["https:\/\/www.janotti.com.br\/sports\/cebola\/"]}]},{"@type":"ImageObject","inLanguage":"pt-BR","@id":"https:\/\/www.janotti.com.br\/sports\/cebola\/#primaryimage","url":"http:\/\/www.janotti.com.br\/sports\/wp-content\/uploads\/2017\/07\/logo_cebola.jpg","contentUrl":"http:\/\/www.janotti.com.br\/sports\/wp-content\/uploads\/2017\/07\/logo_cebola.jpg"},{"@type":"BreadcrumbList","@id":"https:\/\/www.janotti.com.br\/sports\/cebola\/#breadcrumb","itemListElement":[{"@type":"ListItem","position":1,"name":"In\u00edcio","item":"https:\/\/www.janotti.com.br\/sports\/"},{"@type":"ListItem","position":2,"name":"Cebola"}]},{"@type":"WebSite","@id":"https:\/\/www.janotti.com.br\/sports\/#website","url":"https:\/\/www.janotti.com.br\/sports\/","name":"Janotti Sports","description":"","publisher":{"@id":"https:\/\/www.janotti.com.br\/sports\/#organization"},"potentialAction":[{"@type":"SearchAction","target":{"@type":"EntryPoint","urlTemplate":"https:\/\/www.janotti.com.br\/sports\/?s={search_term_string}"},"query-input":{"@type":"PropertyValueSpecification","valueRequired":true,"valueName":"search_term_string"}}],"inLanguage":"pt-BR"},{"@type":"Organization","@id":"https:\/\/www.janotti.com.br\/sports\/#organization","name":"Janotti Sports","url":"https:\/\/www.janotti.com.br\/sports\/","logo":{"@type":"ImageObject","inLanguage":"pt-BR","@id":"https:\/\/www.janotti.com.br\/sports\/#\/schema\/logo\/image\/","url":"https:\/\/www.janotti.com.br\/sports\/wp-content\/uploads\/2017\/05\/cropped-Logo-Janotti-sports-Site.png","contentUrl":"https:\/\/www.janotti.com.br\/sports\/wp-content\/uploads\/2017\/05\/cropped-Logo-Janotti-sports-Site.png","width":273,"height":90,"caption":"Janotti Sports"},"image":{"@id":"https:\/\/www.janotti.com.br\/sports\/#\/schema\/logo\/image\/"}}]}},"_links":{"self":[{"href":"https:\/\/www.janotti.com.br\/sports\/wp-json\/wp\/v2\/pages\/1088"}],"collection":[{"href":"https:\/\/www.janotti.com.br\/sports\/wp-json\/wp\/v2\/pages"}],"about":[{"href":"https:\/\/www.janotti.com.br\/sports\/wp-json\/wp\/v2\/types\/page"}],"author":[{"embeddable":true,"href":"https:\/\/www.janotti.com.br\/sports\/wp-json\/wp\/v2\/users\/1"}],"replies":[{"embeddable":true,"href":"https:\/\/www.janotti.com.br\/sports\/wp-json\/wp\/v2\/comments?post=1088"}],"version-history":[{"count":3,"href":"https:\/\/www.janotti.com.br\/sports\/wp-json\/wp\/v2\/pages\/1088\/revisions"}],"predecessor-version":[{"id":2394,"href":"https:\/\/www.janotti.com.br\/sports\/wp-json\/wp\/v2\/pages\/1088\/revisions\/2394"}],"wp:attachment":[{"href":"https:\/\/www.janotti.com.br\/sports\/wp-json\/wp\/v2\/media?parent=1088"}],"curies":[{"name":"wp","href":"https:\/\/api.w.org\/{rel}","templated":true}]}}