{"id":212,"date":"2017-06-24T05:18:46","date_gmt":"2017-06-24T05:18:46","guid":{"rendered":"http:\/\/www.janotti.com.br\/sports\/?page_id=212"},"modified":"2017-07-11T00:34:18","modified_gmt":"2017-07-11T03:34:18","slug":"sportcom","status":"publish","type":"page","link":"https:\/\/www.janotti.com.br\/sports\/sportcom\/","title":{"rendered":"Sportcom"},"content":{"rendered":"<p><img loading=\"lazy\" decoding=\"async\" class=\"alignnone size-full wp-image-916\" src=\"http:\/\/www.janotti.com.br\/sports\/wp-content\/uploads\/2017\/06\/Logo-Sportcom.jpg\" alt=\"\" width=\"422\" height=\"77\" \/><\/p>\n<p>Somos uma empresa com sede em C\u00f3rdoba, Argentina. Desde 1991 nos dedicamos\u00a0\u00e0 comercializa\u00e7\u00e3o de acess\u00f3rios para diversos esportes.<\/p>\n<p>A principal raz\u00e3o da nossa organiza\u00e7\u00e3o s\u00e3o nossos clientes, fornecer produtos e excel\u00eancia em servi\u00e7os, personalizado e orientado para a satisfa\u00e7\u00e3o plena dos altos padr\u00f5es que os nossos clientes exigem, com base na qualidade, confiabilidade e transpar\u00eancia.<\/p>\n<p>&nbsp;<\/p>\n<input class=\"fooboxshare_post_id\" type=\"hidden\" value=\"212\"\/>","protected":false},"excerpt":{"rendered":"<div class=\"entry-summary\">\n<div class=\"entry-summary\">\nSomos uma empresa com sede em C\u00f3rdoba, Argentina. Desde 1991 nos dedicamos\u00a0\u00e0&hellip;\n<\/div>\n<div class=\"link-more\"><a href=\"https:\/\/www.janotti.com.br\/sports\/sportcom\/\" class=\"more-link\">Continue reading<span class=\"screen-reader-text\"> &ldquo;Sportcom&rdquo;<\/span>&hellip;<\/a><\/div>\n<\/div>\n<div class=\"link-more\"><a href=\"https:\/\/www.janotti.com.br\/sports\/sportcom\/\" class=\"more-link\">Continue reading<span class=\"screen-reader-text\"> &ldquo;Sportcom&rdquo;<\/span>&hellip;<\/a><\/div>\n","protected":false},"author":1,"featured_media":0,"parent":0,"menu_order":0,"comment_status":"closed","ping_status":"closed","template":"page-template\/_fullwidth.php","meta":{"_acf_changed":false,"footnotes":""},"class_list":["post-212","page","type-page","status-publish","hentry","entry"],"acf":[],"yoast_head":"<!-- This site is optimized with the Yoast SEO plugin v23.7 - https:\/\/yoast.com\/wordpress\/plugins\/seo\/ -->\n<title>Sportcom - Janotti Sports<\/title>\n<meta name=\"robots\" content=\"index, follow, max-snippet:-1, max-image-preview:large, max-video-preview:-1\" \/>\n<link rel=\"canonical\" href=\"https:\/\/www.janotti.com.br\/sports\/sportcom\/\" \/>\n<meta property=\"og:locale\" content=\"pt_BR\" \/>\n<meta property=\"og:type\" content=\"article\" \/>\n<meta property=\"og:title\" content=\"Sportcom - Janotti Sports\" \/>\n<meta property=\"og:description\" content=\"Somos uma empresa com sede em C\u00f3rdoba, Argentina. Desde 1991 nos dedicamos\u00a0\u00e0&hellip; Continue reading &ldquo;Sportcom&rdquo;&hellip;\" \/>\n<meta property=\"og:url\" content=\"https:\/\/www.janotti.com.br\/sports\/sportcom\/\" \/>\n<meta property=\"og:site_name\" content=\"Janotti Sports\" \/>\n<meta property=\"article:modified_time\" content=\"2017-07-11T03:34:18+00:00\" \/>\n<meta property=\"og:image\" content=\"http:\/\/www.janotti.com.br\/sports\/wp-content\/uploads\/2017\/06\/Logo-Sportcom.jpg\" \/>\n<meta name=\"twitter:card\" content=\"summary_large_image\" \/>\n<script type=\"application\/ld+json\" class=\"yoast-schema-graph\">{\"@context\":\"https:\/\/schema.org\",\"@graph\":[{\"@type\":\"WebPage\",\"@id\":\"https:\/\/www.janotti.com.br\/sports\/sportcom\/\",\"url\":\"https:\/\/www.janotti.com.br\/sports\/sportcom\/\",\"name\":\"Sportcom - Janotti Sports\",\"isPartOf\":{\"@id\":\"https:\/\/www.janotti.com.br\/sports\/#website\"},\"primaryImageOfPage\":{\"@id\":\"https:\/\/www.janotti.com.br\/sports\/sportcom\/#primaryimage\"},\"image\":{\"@id\":\"https:\/\/www.janotti.com.br\/sports\/sportcom\/#primaryimage\"},\"thumbnailUrl\":\"http:\/\/www.janotti.com.br\/sports\/wp-content\/uploads\/2017\/06\/Logo-Sportcom.jpg\",\"datePublished\":\"2017-06-24T05:18:46+00:00\",\"dateModified\":\"2017-07-11T03:34:18+00:00\",\"breadcrumb\":{\"@id\":\"https:\/\/www.janotti.com.br\/sports\/sportcom\/#breadcrumb\"},\"inLanguage\":\"pt-BR\",\"potentialAction\":[{\"@type\":\"ReadAction\",\"target\":[\"https:\/\/www.janotti.com.br\/sports\/sportcom\/\"]}]},{\"@type\":\"ImageObject\",\"inLanguage\":\"pt-BR\",\"@id\":\"https:\/\/www.janotti.com.br\/sports\/sportcom\/#primaryimage\",\"url\":\"http:\/\/www.janotti.com.br\/sports\/wp-content\/uploads\/2017\/06\/Logo-Sportcom.jpg\",\"contentUrl\":\"http:\/\/www.janotti.com.br\/sports\/wp-content\/uploads\/2017\/06\/Logo-Sportcom.jpg\"},{\"@type\":\"BreadcrumbList\",\"@id\":\"https:\/\/www.janotti.com.br\/sports\/sportcom\/#breadcrumb\",\"itemListElement\":[{\"@type\":\"ListItem\",\"position\":1,\"name\":\"In\u00edcio\",\"item\":\"https:\/\/www.janotti.com.br\/sports\/\"},{\"@type\":\"ListItem\",\"position\":2,\"name\":\"Sportcom\"}]},{\"@type\":\"WebSite\",\"@id\":\"https:\/\/www.janotti.com.br\/sports\/#website\",\"url\":\"https:\/\/www.janotti.com.br\/sports\/\",\"name\":\"Janotti Sports\",\"description\":\"\",\"publisher\":{\"@id\":\"https:\/\/www.janotti.com.br\/sports\/#organization\"},\"potentialAction\":[{\"@type\":\"SearchAction\",\"target\":{\"@type\":\"EntryPoint\",\"urlTemplate\":\"https:\/\/www.janotti.com.br\/sports\/?s={search_term_string}\"},\"query-input\":{\"@type\":\"PropertyValueSpecification\",\"valueRequired\":true,\"valueName\":\"search_term_string\"}}],\"inLanguage\":\"pt-BR\"},{\"@type\":\"Organization\",\"@id\":\"https:\/\/www.janotti.com.br\/sports\/#organization\",\"name\":\"Janotti Sports\",\"url\":\"https:\/\/www.janotti.com.br\/sports\/\",\"logo\":{\"@type\":\"ImageObject\",\"inLanguage\":\"pt-BR\",\"@id\":\"https:\/\/www.janotti.com.br\/sports\/#\/schema\/logo\/image\/\",\"url\":\"https:\/\/www.janotti.com.br\/sports\/wp-content\/uploads\/2017\/05\/cropped-Logo-Janotti-sports-Site.png\",\"contentUrl\":\"https:\/\/www.janotti.com.br\/sports\/wp-content\/uploads\/2017\/05\/cropped-Logo-Janotti-sports-Site.png\",\"width\":273,\"height\":90,\"caption\":\"Janotti Sports\"},\"image\":{\"@id\":\"https:\/\/www.janotti.com.br\/sports\/#\/schema\/logo\/image\/\"}}]}<\/script>\n<!-- \/ Yoast SEO plugin. -->","yoast_head_json":{"title":"Sportcom - Janotti Sports","robots":{"index":"index","follow":"follow","max-snippet":"max-snippet:-1","max-image-preview":"max-image-preview:large","max-video-preview":"max-video-preview:-1"},"canonical":"https:\/\/www.janotti.com.br\/sports\/sportcom\/","og_locale":"pt_BR","og_type":"article","og_title":"Sportcom - Janotti Sports","og_description":"Somos uma empresa com sede em C\u00f3rdoba, Argentina. Desde 1991 nos dedicamos\u00a0\u00e0&hellip; Continue reading &ldquo;Sportcom&rdquo;&hellip;","og_url":"https:\/\/www.janotti.com.br\/sports\/sportcom\/","og_site_name":"Janotti Sports","article_modified_time":"2017-07-11T03:34:18+00:00","og_image":[{"url":"http:\/\/www.janotti.com.br\/sports\/wp-content\/uploads\/2017\/06\/Logo-Sportcom.jpg"}],"twitter_card":"summary_large_image","schema":{"@context":"https:\/\/schema.org","@graph":[{"@type":"WebPage","@id":"https:\/\/www.janotti.com.br\/sports\/sportcom\/","url":"https:\/\/www.janotti.com.br\/sports\/sportcom\/","name":"Sportcom - Janotti Sports","isPartOf":{"@id":"https:\/\/www.janotti.com.br\/sports\/#website"},"primaryImageOfPage":{"@id":"https:\/\/www.janotti.com.br\/sports\/sportcom\/#primaryimage"},"image":{"@id":"https:\/\/www.janotti.com.br\/sports\/sportcom\/#primaryimage"},"thumbnailUrl":"http:\/\/www.janotti.com.br\/sports\/wp-content\/uploads\/2017\/06\/Logo-Sportcom.jpg","datePublished":"2017-06-24T05:18:46+00:00","dateModified":"2017-07-11T03:34:18+00:00","breadcrumb":{"@id":"https:\/\/www.janotti.com.br\/sports\/sportcom\/#breadcrumb"},"inLanguage":"pt-BR","potentialAction":[{"@type":"ReadAction","target":["https:\/\/www.janotti.com.br\/sports\/sportcom\/"]}]},{"@type":"ImageObject","inLanguage":"pt-BR","@id":"https:\/\/www.janotti.com.br\/sports\/sportcom\/#primaryimage","url":"http:\/\/www.janotti.com.br\/sports\/wp-content\/uploads\/2017\/06\/Logo-Sportcom.jpg","contentUrl":"http:\/\/www.janotti.com.br\/sports\/wp-content\/uploads\/2017\/06\/Logo-Sportcom.jpg"},{"@type":"BreadcrumbList","@id":"https:\/\/www.janotti.com.br\/sports\/sportcom\/#breadcrumb","itemListElement":[{"@type":"ListItem","position":1,"name":"In\u00edcio","item":"https:\/\/www.janotti.com.br\/sports\/"},{"@type":"ListItem","position":2,"name":"Sportcom"}]},{"@type":"WebSite","@id":"https:\/\/www.janotti.com.br\/sports\/#website","url":"https:\/\/www.janotti.com.br\/sports\/","name":"Janotti Sports","description":"","publisher":{"@id":"https:\/\/www.janotti.com.br\/sports\/#organization"},"potentialAction":[{"@type":"SearchAction","target":{"@type":"EntryPoint","urlTemplate":"https:\/\/www.janotti.com.br\/sports\/?s={search_term_string}"},"query-input":{"@type":"PropertyValueSpecification","valueRequired":true,"valueName":"search_term_string"}}],"inLanguage":"pt-BR"},{"@type":"Organization","@id":"https:\/\/www.janotti.com.br\/sports\/#organization","name":"Janotti Sports","url":"https:\/\/www.janotti.com.br\/sports\/","logo":{"@type":"ImageObject","inLanguage":"pt-BR","@id":"https:\/\/www.janotti.com.br\/sports\/#\/schema\/logo\/image\/","url":"https:\/\/www.janotti.com.br\/sports\/wp-content\/uploads\/2017\/05\/cropped-Logo-Janotti-sports-Site.png","contentUrl":"https:\/\/www.janotti.com.br\/sports\/wp-content\/uploads\/2017\/05\/cropped-Logo-Janotti-sports-Site.png","width":273,"height":90,"caption":"Janotti Sports"},"image":{"@id":"https:\/\/www.janotti.com.br\/sports\/#\/schema\/logo\/image\/"}}]}},"_links":{"self":[{"href":"https:\/\/www.janotti.com.br\/sports\/wp-json\/wp\/v2\/pages\/212"}],"collection":[{"href":"https:\/\/www.janotti.com.br\/sports\/wp-json\/wp\/v2\/pages"}],"about":[{"href":"https:\/\/www.janotti.com.br\/sports\/wp-json\/wp\/v2\/types\/page"}],"author":[{"embeddable":true,"href":"https:\/\/www.janotti.com.br\/sports\/wp-json\/wp\/v2\/users\/1"}],"replies":[{"embeddable":true,"href":"https:\/\/www.janotti.com.br\/sports\/wp-json\/wp\/v2\/comments?post=212"}],"version-history":[{"count":4,"href":"https:\/\/www.janotti.com.br\/sports\/wp-json\/wp\/v2\/pages\/212\/revisions"}],"predecessor-version":[{"id":1043,"href":"https:\/\/www.janotti.com.br\/sports\/wp-json\/wp\/v2\/pages\/212\/revisions\/1043"}],"wp:attachment":[{"href":"https:\/\/www.janotti.com.br\/sports\/wp-json\/wp\/v2\/media?parent=212"}],"curies":[{"name":"wp","href":"https:\/\/api.w.org\/{rel}","templated":true}]}}