{"id":216,"date":"2017-06-24T05:21:26","date_gmt":"2017-06-24T05:21:26","guid":{"rendered":"http:\/\/www.janotti.com.br\/sports\/?page_id=216"},"modified":"2017-07-11T00:41:50","modified_gmt":"2017-07-11T03:41:50","slug":"jc-bandeiras","status":"publish","type":"page","link":"https:\/\/www.janotti.com.br\/sports\/jc-bandeiras\/","title":{"rendered":"JC Bandeiras"},"content":{"rendered":"<p><img loading=\"lazy\" decoding=\"async\" class=\"alignnone size-full wp-image-911\" src=\"http:\/\/www.janotti.com.br\/sports\/wp-content\/uploads\/2017\/06\/JC-Bandeiras.png\" alt=\"\" width=\"237\" height=\"173\" \/><\/p>\n<div id=\"WRchTxt0-12ej\" class=\"txtNew\" data-reactid=\".0.$SITE_ROOT.$desktop_siteRoot.$PAGES_CONTAINER.1.1.$SITE_PAGES.$cf5y_DESKTOP.1.$Cntnr1-1e9m.1.$WRchTxt0-12ej\"><\/div>\n<div id=\"WRchTxt1-m84\" class=\"txtNew\" data-reactid=\".0.$SITE_ROOT.$desktop_siteRoot.$PAGES_CONTAINER.1.1.$SITE_PAGES.$cf5y_DESKTOP.1.$Cntnr1-1e9m.1.$WRchTxt1-m84\">\n<p class=\"font_8\">\u00a0 \u00a0A JC Fl\u00e2mulas e Bandeiras \u00e9 uma empresa especialista no ramo de confec\u00e7\u00e3o e venda dos mais variados estilos de bandeiras, fl\u00e2mulas e estandartes.\u200b Trabalhamos h\u00e1 mais de 15 anos no mercado em \u00e2mbitos nacional e internacional!<\/p>\n<p class=\"font_8\">\u00a0 \u00a0Temos orgulho de ter entre os nossos clientes, grande clubes de futebol do pa\u00eds como a dupla Gre-Nal de Porto Alegre, o Corinthians, Palmeiras, Santos e S\u00e3o Paulo,\u00a0o Goi\u00e1s, o Sport Recife, e outros mais.\u200b\u200b N\u00e3o nos limitamos a atender apenas clubes e empresas ligadas ao esporte. Trabalhamos tamb\u00e9m atendendo a empresas, e\u00a0\u00f3rg\u00e3os p\u00fablicos como prefeituras e secretarias.<\/p>\n<p class=\"font_8\">\u00a0 Nossa empresa atua em diversas linhas neste mercado como:<\/p>\n<p class=\"font_8\">&#8211; confec\u00e7\u00e3o de bandeiras grandes para mastros<\/p>\n<p class=\"font_8\">&#8211; bandeiras, fl\u00e2mulas e estandartes\u00a0de mesa em diferentes tamanhos<\/p>\n<p class=\"font_8\">&#8211;\u00a0bottons e chaveiros personalizados<\/p>\n<p class=\"font_8\">\u200b\u200b- fl\u00e2mulas em tamanhos oficiais<\/p>\n<p class=\"font_8\">&#8211; aventais para cozinha personalizados\u200b<\/p>\n<p class=\"font_8\">\u200b \u00a0 Somos reconhecidos tamb\u00e9m por nossa flexibilidade atendendo a pedidos espec\u00edficos de nossa clientela que v\u00e3o desde a cria\u00e7\u00e3o e\/ou refinamento de alguma arte, desenhos ou logotipo at\u00e9 a confec\u00e7\u00e3o do produto em um tamanho escolhido pelos nosso clientes.<\/p>\n<p class=\"font_8\">\u200b<\/p>\n<\/div>\n<input class=\"fooboxshare_post_id\" type=\"hidden\" value=\"216\"\/>","protected":false},"excerpt":{"rendered":"<div class=\"entry-summary\">\n<div class=\"entry-summary\">\n\u00a0 \u00a0A JC Fl\u00e2mulas e Bandeiras \u00e9 uma empresa especialista no ramo&hellip;\n<\/div>\n<div class=\"link-more\"><a href=\"https:\/\/www.janotti.com.br\/sports\/jc-bandeiras\/\" class=\"more-link\">Continue reading<span class=\"screen-reader-text\"> &ldquo;JC Bandeiras&rdquo;<\/span>&hellip;<\/a><\/div>\n<\/div>\n<div class=\"link-more\"><a href=\"https:\/\/www.janotti.com.br\/sports\/jc-bandeiras\/\" class=\"more-link\">Continue reading<span class=\"screen-reader-text\"> &ldquo;JC Bandeiras&rdquo;<\/span>&hellip;<\/a><\/div>\n","protected":false},"author":1,"featured_media":0,"parent":0,"menu_order":0,"comment_status":"closed","ping_status":"closed","template":"page-template\/_fullwidth.php","meta":{"_acf_changed":false,"footnotes":""},"class_list":["post-216","page","type-page","status-publish","hentry","entry"],"acf":[],"yoast_head":"<!-- This site is optimized with the Yoast SEO plugin v23.7 - https:\/\/yoast.com\/wordpress\/plugins\/seo\/ -->\n<title>JC Bandeiras - Janotti Sports<\/title>\n<meta name=\"robots\" content=\"index, follow, max-snippet:-1, max-image-preview:large, max-video-preview:-1\" \/>\n<link rel=\"canonical\" href=\"https:\/\/www.janotti.com.br\/sports\/jc-bandeiras\/\" \/>\n<meta property=\"og:locale\" content=\"pt_BR\" \/>\n<meta property=\"og:type\" content=\"article\" \/>\n<meta property=\"og:title\" content=\"JC Bandeiras - Janotti Sports\" \/>\n<meta property=\"og:description\" content=\"\u00a0 \u00a0A JC Fl\u00e2mulas e Bandeiras \u00e9 uma empresa especialista no ramo&hellip; Continue reading &ldquo;JC Bandeiras&rdquo;&hellip;\" \/>\n<meta property=\"og:url\" content=\"https:\/\/www.janotti.com.br\/sports\/jc-bandeiras\/\" \/>\n<meta property=\"og:site_name\" content=\"Janotti Sports\" \/>\n<meta property=\"article:modified_time\" content=\"2017-07-11T03:41:50+00:00\" \/>\n<meta property=\"og:image\" content=\"http:\/\/www.janotti.com.br\/sports\/wp-content\/uploads\/2017\/06\/JC-Bandeiras.png\" \/>\n<meta name=\"twitter:card\" content=\"summary_large_image\" \/>\n<meta name=\"twitter:label1\" content=\"Est. tempo de leitura\" \/>\n\t<meta name=\"twitter:data1\" content=\"1 minuto\" \/>\n<script type=\"application\/ld+json\" class=\"yoast-schema-graph\">{\"@context\":\"https:\/\/schema.org\",\"@graph\":[{\"@type\":\"WebPage\",\"@id\":\"https:\/\/www.janotti.com.br\/sports\/jc-bandeiras\/\",\"url\":\"https:\/\/www.janotti.com.br\/sports\/jc-bandeiras\/\",\"name\":\"JC Bandeiras - Janotti Sports\",\"isPartOf\":{\"@id\":\"https:\/\/www.janotti.com.br\/sports\/#website\"},\"primaryImageOfPage\":{\"@id\":\"https:\/\/www.janotti.com.br\/sports\/jc-bandeiras\/#primaryimage\"},\"image\":{\"@id\":\"https:\/\/www.janotti.com.br\/sports\/jc-bandeiras\/#primaryimage\"},\"thumbnailUrl\":\"http:\/\/www.janotti.com.br\/sports\/wp-content\/uploads\/2017\/06\/JC-Bandeiras.png\",\"datePublished\":\"2017-06-24T05:21:26+00:00\",\"dateModified\":\"2017-07-11T03:41:50+00:00\",\"breadcrumb\":{\"@id\":\"https:\/\/www.janotti.com.br\/sports\/jc-bandeiras\/#breadcrumb\"},\"inLanguage\":\"pt-BR\",\"potentialAction\":[{\"@type\":\"ReadAction\",\"target\":[\"https:\/\/www.janotti.com.br\/sports\/jc-bandeiras\/\"]}]},{\"@type\":\"ImageObject\",\"inLanguage\":\"pt-BR\",\"@id\":\"https:\/\/www.janotti.com.br\/sports\/jc-bandeiras\/#primaryimage\",\"url\":\"http:\/\/www.janotti.com.br\/sports\/wp-content\/uploads\/2017\/06\/JC-Bandeiras.png\",\"contentUrl\":\"http:\/\/www.janotti.com.br\/sports\/wp-content\/uploads\/2017\/06\/JC-Bandeiras.png\"},{\"@type\":\"BreadcrumbList\",\"@id\":\"https:\/\/www.janotti.com.br\/sports\/jc-bandeiras\/#breadcrumb\",\"itemListElement\":[{\"@type\":\"ListItem\",\"position\":1,\"name\":\"In\u00edcio\",\"item\":\"https:\/\/www.janotti.com.br\/sports\/\"},{\"@type\":\"ListItem\",\"position\":2,\"name\":\"JC Bandeiras\"}]},{\"@type\":\"WebSite\",\"@id\":\"https:\/\/www.janotti.com.br\/sports\/#website\",\"url\":\"https:\/\/www.janotti.com.br\/sports\/\",\"name\":\"Janotti Sports\",\"description\":\"\",\"publisher\":{\"@id\":\"https:\/\/www.janotti.com.br\/sports\/#organization\"},\"potentialAction\":[{\"@type\":\"SearchAction\",\"target\":{\"@type\":\"EntryPoint\",\"urlTemplate\":\"https:\/\/www.janotti.com.br\/sports\/?s={search_term_string}\"},\"query-input\":{\"@type\":\"PropertyValueSpecification\",\"valueRequired\":true,\"valueName\":\"search_term_string\"}}],\"inLanguage\":\"pt-BR\"},{\"@type\":\"Organization\",\"@id\":\"https:\/\/www.janotti.com.br\/sports\/#organization\",\"name\":\"Janotti Sports\",\"url\":\"https:\/\/www.janotti.com.br\/sports\/\",\"logo\":{\"@type\":\"ImageObject\",\"inLanguage\":\"pt-BR\",\"@id\":\"https:\/\/www.janotti.com.br\/sports\/#\/schema\/logo\/image\/\",\"url\":\"https:\/\/www.janotti.com.br\/sports\/wp-content\/uploads\/2017\/05\/cropped-Logo-Janotti-sports-Site.png\",\"contentUrl\":\"https:\/\/www.janotti.com.br\/sports\/wp-content\/uploads\/2017\/05\/cropped-Logo-Janotti-sports-Site.png\",\"width\":273,\"height\":90,\"caption\":\"Janotti Sports\"},\"image\":{\"@id\":\"https:\/\/www.janotti.com.br\/sports\/#\/schema\/logo\/image\/\"}}]}<\/script>\n<!-- \/ Yoast SEO plugin. -->","yoast_head_json":{"title":"JC Bandeiras - Janotti Sports","robots":{"index":"index","follow":"follow","max-snippet":"max-snippet:-1","max-image-preview":"max-image-preview:large","max-video-preview":"max-video-preview:-1"},"canonical":"https:\/\/www.janotti.com.br\/sports\/jc-bandeiras\/","og_locale":"pt_BR","og_type":"article","og_title":"JC Bandeiras - Janotti Sports","og_description":"\u00a0 \u00a0A JC Fl\u00e2mulas e Bandeiras \u00e9 uma empresa especialista no ramo&hellip; Continue reading &ldquo;JC Bandeiras&rdquo;&hellip;","og_url":"https:\/\/www.janotti.com.br\/sports\/jc-bandeiras\/","og_site_name":"Janotti Sports","article_modified_time":"2017-07-11T03:41:50+00:00","og_image":[{"url":"http:\/\/www.janotti.com.br\/sports\/wp-content\/uploads\/2017\/06\/JC-Bandeiras.png"}],"twitter_card":"summary_large_image","twitter_misc":{"Est. tempo de leitura":"1 minuto"},"schema":{"@context":"https:\/\/schema.org","@graph":[{"@type":"WebPage","@id":"https:\/\/www.janotti.com.br\/sports\/jc-bandeiras\/","url":"https:\/\/www.janotti.com.br\/sports\/jc-bandeiras\/","name":"JC Bandeiras - Janotti Sports","isPartOf":{"@id":"https:\/\/www.janotti.com.br\/sports\/#website"},"primaryImageOfPage":{"@id":"https:\/\/www.janotti.com.br\/sports\/jc-bandeiras\/#primaryimage"},"image":{"@id":"https:\/\/www.janotti.com.br\/sports\/jc-bandeiras\/#primaryimage"},"thumbnailUrl":"http:\/\/www.janotti.com.br\/sports\/wp-content\/uploads\/2017\/06\/JC-Bandeiras.png","datePublished":"2017-06-24T05:21:26+00:00","dateModified":"2017-07-11T03:41:50+00:00","breadcrumb":{"@id":"https:\/\/www.janotti.com.br\/sports\/jc-bandeiras\/#breadcrumb"},"inLanguage":"pt-BR","potentialAction":[{"@type":"ReadAction","target":["https:\/\/www.janotti.com.br\/sports\/jc-bandeiras\/"]}]},{"@type":"ImageObject","inLanguage":"pt-BR","@id":"https:\/\/www.janotti.com.br\/sports\/jc-bandeiras\/#primaryimage","url":"http:\/\/www.janotti.com.br\/sports\/wp-content\/uploads\/2017\/06\/JC-Bandeiras.png","contentUrl":"http:\/\/www.janotti.com.br\/sports\/wp-content\/uploads\/2017\/06\/JC-Bandeiras.png"},{"@type":"BreadcrumbList","@id":"https:\/\/www.janotti.com.br\/sports\/jc-bandeiras\/#breadcrumb","itemListElement":[{"@type":"ListItem","position":1,"name":"In\u00edcio","item":"https:\/\/www.janotti.com.br\/sports\/"},{"@type":"ListItem","position":2,"name":"JC Bandeiras"}]},{"@type":"WebSite","@id":"https:\/\/www.janotti.com.br\/sports\/#website","url":"https:\/\/www.janotti.com.br\/sports\/","name":"Janotti Sports","description":"","publisher":{"@id":"https:\/\/www.janotti.com.br\/sports\/#organization"},"potentialAction":[{"@type":"SearchAction","target":{"@type":"EntryPoint","urlTemplate":"https:\/\/www.janotti.com.br\/sports\/?s={search_term_string}"},"query-input":{"@type":"PropertyValueSpecification","valueRequired":true,"valueName":"search_term_string"}}],"inLanguage":"pt-BR"},{"@type":"Organization","@id":"https:\/\/www.janotti.com.br\/sports\/#organization","name":"Janotti Sports","url":"https:\/\/www.janotti.com.br\/sports\/","logo":{"@type":"ImageObject","inLanguage":"pt-BR","@id":"https:\/\/www.janotti.com.br\/sports\/#\/schema\/logo\/image\/","url":"https:\/\/www.janotti.com.br\/sports\/wp-content\/uploads\/2017\/05\/cropped-Logo-Janotti-sports-Site.png","contentUrl":"https:\/\/www.janotti.com.br\/sports\/wp-content\/uploads\/2017\/05\/cropped-Logo-Janotti-sports-Site.png","width":273,"height":90,"caption":"Janotti Sports"},"image":{"@id":"https:\/\/www.janotti.com.br\/sports\/#\/schema\/logo\/image\/"}}]}},"_links":{"self":[{"href":"https:\/\/www.janotti.com.br\/sports\/wp-json\/wp\/v2\/pages\/216"}],"collection":[{"href":"https:\/\/www.janotti.com.br\/sports\/wp-json\/wp\/v2\/pages"}],"about":[{"href":"https:\/\/www.janotti.com.br\/sports\/wp-json\/wp\/v2\/types\/page"}],"author":[{"embeddable":true,"href":"https:\/\/www.janotti.com.br\/sports\/wp-json\/wp\/v2\/users\/1"}],"replies":[{"embeddable":true,"href":"https:\/\/www.janotti.com.br\/sports\/wp-json\/wp\/v2\/comments?post=216"}],"version-history":[{"count":5,"href":"https:\/\/www.janotti.com.br\/sports\/wp-json\/wp\/v2\/pages\/216\/revisions"}],"predecessor-version":[{"id":1045,"href":"https:\/\/www.janotti.com.br\/sports\/wp-json\/wp\/v2\/pages\/216\/revisions\/1045"}],"wp:attachment":[{"href":"https:\/\/www.janotti.com.br\/sports\/wp-json\/wp\/v2\/media?parent=216"}],"curies":[{"name":"wp","href":"https:\/\/api.w.org\/{rel}","templated":true}]}}