{"id":251,"date":"2017-06-24T05:35:45","date_gmt":"2017-06-24T05:35:45","guid":{"rendered":"http:\/\/www.janotti.com.br\/sports\/?page_id=251"},"modified":"2017-07-10T22:39:37","modified_gmt":"2017-07-11T01:39:37","slug":"sportcom-hydro","status":"publish","type":"page","link":"https:\/\/www.janotti.com.br\/sports\/sportcom\/sportcom-hydro\/","title":{"rendered":"Sportcom &#8211; Hydro"},"content":{"rendered":"<style type=\"text\/css\">\r\n\t#foogallery-gallery-987 .fg-image {\r\n        width: 240px;\r\n    }\r\n<\/style>\r\n\t\t\t\t<div class=\"foogallery foogallery-container foogallery-default foogallery-lightbox-foobox fg-gutter-10 fg-center fg-default fg-light fg-border-thin fg-shadow-small fg-loading-default fg-loaded-fade-in fg-caption-always fg-hover-fade fg-ready\" id=\"foogallery-gallery-987\" data-foogallery=\"{&quot;item&quot;:{&quot;showCaptionTitle&quot;:true,&quot;showCaptionDescription&quot;:false},&quot;lazy&quot;:true}\" >\r\n\t<div class=\"fg-item fg-type-image fg-idle\"><figure class=\"fg-item-inner\"><a href=\"https:\/\/www.janotti.com.br\/sports\/wp-content\/uploads\/2017\/07\/\u00d3CULOS-ACUATIC-GOLD-ADULTO.jpg\" data-caption-title=\"5010030\" data-caption-desc=\"\u00d3CULOS DE NATA\u00c7\u00c3O HIDRO STAR ACUATIC GOLD ADULTO.\nMATERIAL: FITA DE SILICONE - VISOR POLICARBONATO\nCOR: CINZA\/CELESTE - CINZA\/VERMELHO - PRETO\/AMARELO\nCARACTER\u00cdSTICAS: PONTE FLEXIVEL FIXO  SISTEMA DE AJUSTE PRESS &amp;amp; PULL\nUSO: COMPETI\u00c7\u00c3O\nTAMANHO: ADULTO\" data-attachment-id=\"962\" data-type=\"image\" class=\"fg-thumb\"><span class=\"fg-image-wrap\"><img decoding=\"async\" title=\"5010030\" width=\"240\" height=\"140\" class=\"skip-lazy fg-image\" data-src-fg=\"https:\/\/www.janotti.com.br\/sports\/wp-content\/uploads\/2017\/07\/\u00d3CULOS-ACUATIC-GOLD-ADULTO.jpg\" src=\"data:image\/svg+xml,%3Csvg%20xmlns%3D%22http%3A%2F%2Fwww.w3.org%2F2000%2Fsvg%22%20width%3D%22240%22%20height%3D%22140%22%20viewBox%3D%220%200%20240%20140%22%3E%3C%2Fsvg%3E\" loading=\"eager\"><\/span><span class=\"fg-image-overlay\"><\/span><\/a><figcaption class=\"fg-caption\"><div class=\"fg-caption-inner\"><div class=\"fg-caption-title\">5010030<\/div><\/div><\/figcaption><\/figure><div class=\"fg-loader\"><\/div><\/div><div class=\"fg-item fg-type-image fg-idle\"><figure class=\"fg-item-inner\"><a href=\"https:\/\/www.janotti.com.br\/sports\/wp-content\/uploads\/2017\/07\/SUPERFLEX-III.jpg\" data-caption-title=\"5010004\" data-caption-desc=\"\u00d3CULOS DE NATA\u00c7\u00c3O HYDRO STAR SUPERFLEX III ADULTO  \nFITA DUPLA AJUST\u00c1VEL  PONTE FIXA\" data-attachment-id=\"980\" data-type=\"image\" class=\"fg-thumb\"><span class=\"fg-image-wrap\"><img decoding=\"async\" title=\"5010004\" width=\"240\" height=\"140\" class=\"skip-lazy fg-image\" data-src-fg=\"https:\/\/www.janotti.com.br\/sports\/wp-content\/uploads\/cache\/2017\/07\/SUPERFLEX-III\/3117910560.jpg\" src=\"data:image\/svg+xml,%3Csvg%20xmlns%3D%22http%3A%2F%2Fwww.w3.org%2F2000%2Fsvg%22%20width%3D%22240%22%20height%3D%22140%22%20viewBox%3D%220%200%20240%20140%22%3E%3C%2Fsvg%3E\" loading=\"eager\"><\/span><span class=\"fg-image-overlay\"><\/span><\/a><figcaption class=\"fg-caption\"><div class=\"fg-caption-inner\"><div class=\"fg-caption-title\">5010004<\/div><\/div><\/figcaption><\/figure><div class=\"fg-loader\"><\/div><\/div><div class=\"fg-item fg-type-image fg-idle\"><figure class=\"fg-item-inner\"><a href=\"https:\/\/www.janotti.com.br\/sports\/wp-content\/uploads\/2017\/07\/\u00d3CULOS-UNIBODY-ADULTO.jpg\" data-caption-title=\"5010012\" data-caption-desc=\"\u00d3CULOS DE NATA\u00c7\u00c3O HYDRO STAR UNIBODY ADULTO\nMATERIAL: FITA SILICONE\/POLICARBONATO\" data-attachment-id=\"970\" data-type=\"image\" class=\"fg-thumb\"><span class=\"fg-image-wrap\"><img decoding=\"async\" title=\"5010012\" width=\"240\" height=\"140\" class=\"skip-lazy fg-image\" data-src-fg=\"https:\/\/www.janotti.com.br\/sports\/wp-content\/uploads\/2017\/07\/\u00d3CULOS-UNIBODY-ADULTO.jpg\" src=\"data:image\/svg+xml,%3Csvg%20xmlns%3D%22http%3A%2F%2Fwww.w3.org%2F2000%2Fsvg%22%20width%3D%22240%22%20height%3D%22140%22%20viewBox%3D%220%200%20240%20140%22%3E%3C%2Fsvg%3E\" loading=\"eager\"><\/span><span class=\"fg-image-overlay\"><\/span><\/a><figcaption class=\"fg-caption\"><div class=\"fg-caption-inner\"><div class=\"fg-caption-title\">5010012<\/div><\/div><\/figcaption><\/figure><div class=\"fg-loader\"><\/div><\/div><div class=\"fg-item fg-type-image fg-idle\"><figure class=\"fg-item-inner\"><a href=\"https:\/\/www.janotti.com.br\/sports\/wp-content\/uploads\/2017\/07\/\u00d3CULOS-CHAMP-ADULTO.jpg\" data-caption-title=\"5010002\" data-caption-desc=\"\u00d3CULOS DE NATA\u00c7\u00c3O HYDRO STAR CHAMP ADULTO.\nMATERIAL: FITA SILICONE - VISOR POLICARBONATO\nCOR: AZUL - PRETO - -BRANCO\nCARACTER\u00cdSTICAS: FITA DUPLA AJUST\u00c1VEL - PONTE FIXA\nUSO: TREINAMENTO\nTAMANHO: ADULTO\" data-attachment-id=\"963\" data-type=\"image\" class=\"fg-thumb\"><span class=\"fg-image-wrap\"><img decoding=\"async\" title=\"5010002\" width=\"240\" height=\"140\" class=\"skip-lazy fg-image\" data-src-fg=\"https:\/\/www.janotti.com.br\/sports\/wp-content\/uploads\/2017\/07\/\u00d3CULOS-CHAMP-ADULTO.jpg\" src=\"data:image\/svg+xml,%3Csvg%20xmlns%3D%22http%3A%2F%2Fwww.w3.org%2F2000%2Fsvg%22%20width%3D%22240%22%20height%3D%22140%22%20viewBox%3D%220%200%20240%20140%22%3E%3C%2Fsvg%3E\" loading=\"eager\"><\/span><span class=\"fg-image-overlay\"><\/span><\/a><figcaption class=\"fg-caption\"><div class=\"fg-caption-inner\"><div class=\"fg-caption-title\">5010002<\/div><\/div><\/figcaption><\/figure><div class=\"fg-loader\"><\/div><\/div><div class=\"fg-item fg-type-image fg-idle\"><figure class=\"fg-item-inner\"><a href=\"https:\/\/www.janotti.com.br\/sports\/wp-content\/uploads\/2017\/07\/\u00d3CULOS-CHAMP-JUNIOR.jpg\" data-caption-title=\"5010001\" data-caption-desc=\"\u00d3CULOS DE NATA\u00c7\u00c3O HYDRO STAR CHAMP JUNIOR\nMATERIAL: FITA DE SILICONE - VISOR POLICARBONATO\nCOR: ROSA - AZUL - CELESTE\nCARACTER\u00cdSTICAS: FITA DUPLA AJUST\u00c1VEL - ANTI-EMBA\u00c7AMENTO\nUSO: TREINAMENTO\nTAMANHO: JUNIOR\" data-attachment-id=\"964\" data-type=\"image\" class=\"fg-thumb\"><span class=\"fg-image-wrap\"><img decoding=\"async\" title=\"5010001\" width=\"240\" height=\"140\" class=\"skip-lazy fg-image\" data-src-fg=\"https:\/\/www.janotti.com.br\/sports\/wp-content\/uploads\/2017\/07\/\u00d3CULOS-CHAMP-JUNIOR.jpg\" src=\"data:image\/svg+xml,%3Csvg%20xmlns%3D%22http%3A%2F%2Fwww.w3.org%2F2000%2Fsvg%22%20width%3D%22240%22%20height%3D%22140%22%20viewBox%3D%220%200%20240%20140%22%3E%3C%2Fsvg%3E\" loading=\"eager\"><\/span><span class=\"fg-image-overlay\"><\/span><\/a><figcaption class=\"fg-caption\"><div class=\"fg-caption-inner\"><div class=\"fg-caption-title\">5010001<\/div><\/div><\/figcaption><\/figure><div class=\"fg-loader\"><\/div><\/div><div class=\"fg-item fg-type-image fg-idle\"><figure class=\"fg-item-inner\"><a href=\"https:\/\/www.janotti.com.br\/sports\/wp-content\/uploads\/2017\/07\/\u00d3CULOS-ISUS-ADULTO.jpg\" data-caption-title=\"5010019\" data-caption-desc=\"\u00d3CULOS DE NATA\u00c7\u00c3O HYDRO STAR ISUS ADULTO\nMATERIAL: FITA DE SILICONE - VISOR POLICARBONATO\nCOR: PRETO - CINZA - CELESTE - AZUL\nCARACTER\u00cdSTICAS: PONTE DURO INTERCAMBI\u00c1VEL - FITA DUPLA AJUST\u00c1VEL - SISTEMA DE AJUSTE\nUSO: TREINAMENTO\nACESS\u00d3RIOS: DUAS PONTES EXTRAS\" data-attachment-id=\"965\" data-type=\"image\" class=\"fg-thumb\"><span class=\"fg-image-wrap\"><img decoding=\"async\" title=\"5010019\" width=\"240\" height=\"140\" class=\"skip-lazy fg-image\" data-src-fg=\"https:\/\/www.janotti.com.br\/sports\/wp-content\/uploads\/2017\/07\/\u00d3CULOS-ISUS-ADULTO.jpg\" src=\"data:image\/svg+xml,%3Csvg%20xmlns%3D%22http%3A%2F%2Fwww.w3.org%2F2000%2Fsvg%22%20width%3D%22240%22%20height%3D%22140%22%20viewBox%3D%220%200%20240%20140%22%3E%3C%2Fsvg%3E\" loading=\"eager\"><\/span><span class=\"fg-image-overlay\"><\/span><\/a><figcaption class=\"fg-caption\"><div class=\"fg-caption-inner\"><div class=\"fg-caption-title\">5010019<\/div><\/div><\/figcaption><\/figure><div class=\"fg-loader\"><\/div><\/div><div class=\"fg-item fg-type-image fg-idle\"><figure class=\"fg-item-inner\"><a href=\"https:\/\/www.janotti.com.br\/sports\/wp-content\/uploads\/2017\/07\/\u00d3CULOS-ISUS-JUNIOR.jpg\" data-caption-title=\"5010023\" data-caption-desc=\"\u00d3CULOS DE NATA\u00c7\u00c3O HIDRO STAR ISUS JUNIOR\nMATERIAL: FITA SILICONE - VISOR POLICARBONATO\nCOR: ROSA\/BRANCO - CELESTE\/BRANCO - PRETO\/AMARELO - BRANCO\/CELESTE.\nCARACTER\u00cdSTICAS: FITA DUPLA AJUST\u00c1VEL - SISTEMA DE AJUSTE COM BOT\u00c3O\nUSO: TREINAMENTO\nTAMANHO:JUNIOR\" data-attachment-id=\"966\" data-type=\"image\" class=\"fg-thumb\"><span class=\"fg-image-wrap\"><img decoding=\"async\" title=\"5010023\" width=\"240\" height=\"140\" class=\"skip-lazy fg-image\" data-src-fg=\"https:\/\/www.janotti.com.br\/sports\/wp-content\/uploads\/2017\/07\/\u00d3CULOS-ISUS-JUNIOR.jpg\" src=\"data:image\/svg+xml,%3Csvg%20xmlns%3D%22http%3A%2F%2Fwww.w3.org%2F2000%2Fsvg%22%20width%3D%22240%22%20height%3D%22140%22%20viewBox%3D%220%200%20240%20140%22%3E%3C%2Fsvg%3E\" loading=\"eager\"><\/span><span class=\"fg-image-overlay\"><\/span><\/a><figcaption class=\"fg-caption\"><div class=\"fg-caption-inner\"><div class=\"fg-caption-title\">5010023<\/div><\/div><\/figcaption><\/figure><div class=\"fg-loader\"><\/div><\/div><div class=\"fg-item fg-type-image fg-idle\"><figure class=\"fg-item-inner\"><a href=\"https:\/\/www.janotti.com.br\/sports\/wp-content\/uploads\/2017\/07\/\u00d3CULOS-MIRROR-3-ADT.jpg\" data-caption-title=\"5010013\" data-caption-desc=\"\u00d3CULOS DE NATA\u00c7\u00c3O HIDRO STAR MIRROR 3 ADULTO\nMATERIAL: FITA SILICONE - VISOR POLICARBONATO\nCOR: PRETO - CINZA - CELESTE\nCARACTER\u00cdSTICAS: PONTE FLEX\u00cdVEL INTERCAMBI\u00c1VEL - FITA DUPLA AJUST\u00c1VEL.\nUSO: COMPETI\u00c7\u00c3O\nTAMANHO: ADULTO\nACESS\u00d3RIOS: 3 PONTES EXTRAS\" data-attachment-id=\"967\" data-type=\"image\" class=\"fg-thumb\"><span class=\"fg-image-wrap\"><img decoding=\"async\" title=\"5010013\" width=\"240\" height=\"140\" class=\"skip-lazy fg-image\" data-src-fg=\"https:\/\/www.janotti.com.br\/sports\/wp-content\/uploads\/2017\/07\/\u00d3CULOS-MIRROR-3-ADT.jpg\" src=\"data:image\/svg+xml,%3Csvg%20xmlns%3D%22http%3A%2F%2Fwww.w3.org%2F2000%2Fsvg%22%20width%3D%22240%22%20height%3D%22140%22%20viewBox%3D%220%200%20240%20140%22%3E%3C%2Fsvg%3E\" loading=\"eager\"><\/span><span class=\"fg-image-overlay\"><\/span><\/a><figcaption class=\"fg-caption\"><div class=\"fg-caption-inner\"><div class=\"fg-caption-title\">5010013<\/div><\/div><\/figcaption><\/figure><div class=\"fg-loader\"><\/div><\/div><div class=\"fg-item fg-type-image fg-idle\"><figure class=\"fg-item-inner\"><a href=\"https:\/\/www.janotti.com.br\/sports\/wp-content\/uploads\/2017\/07\/\u00d3CULOS-ODISSEY-ADULTO.jpg\" data-caption-title=\"5010018\" data-caption-desc=\"\u00d3CULOS DE NATA\u00c7\u00c3O HYDRO STAR ODISSEY ADULTO\nMATERIAL: FITA DE SILICONE - VISOR POLICARBONATO\nCOR: CELESTE - CINZA - ADULTO\nCARACTER\u00cdSTICAS: PONTE INTERCAMBI\u00c1VEL FITA AJUST\u00c1VEL\nUSO: TREINAMENTO\nTAMANHO: ADULTO\nACESS\u00d3RIOS: 2 PONTES EXTRAS\" data-attachment-id=\"968\" data-type=\"image\" class=\"fg-thumb\"><span class=\"fg-image-wrap\"><img decoding=\"async\" title=\"5010018\" width=\"240\" height=\"140\" class=\"skip-lazy fg-image\" data-src-fg=\"https:\/\/www.janotti.com.br\/sports\/wp-content\/uploads\/2017\/07\/\u00d3CULOS-ODISSEY-ADULTO.jpg\" src=\"data:image\/svg+xml,%3Csvg%20xmlns%3D%22http%3A%2F%2Fwww.w3.org%2F2000%2Fsvg%22%20width%3D%22240%22%20height%3D%22140%22%20viewBox%3D%220%200%20240%20140%22%3E%3C%2Fsvg%3E\" loading=\"eager\"><\/span><span class=\"fg-image-overlay\"><\/span><\/a><figcaption class=\"fg-caption\"><div class=\"fg-caption-inner\"><div class=\"fg-caption-title\">5010018<\/div><\/div><\/figcaption><\/figure><div class=\"fg-loader\"><\/div><\/div><div class=\"fg-item fg-type-image fg-idle\"><figure class=\"fg-item-inner\"><a href=\"https:\/\/www.janotti.com.br\/sports\/wp-content\/uploads\/2017\/07\/\u00d3CULOS-SUPERFLEX-JUNIOR.jpg\" data-caption-title=\"5010001\" data-caption-desc=\"\u00d3CULOS DE NATA\u00c7\u00c3O HIDRO STAR CHAMP JUNIOR\nMATERIAL: FITA\/SILICONE - VISOR\/POLICARBONATO\nCOR: ROSA - AZUL - CELESTE\nCARACTERISTICAS: FITA DUPLA AJUST\u00c1VEL - ANTI-EMBA\u00c7ANTE\nUSO: TREINAMENTO\nTAMANHO: JUNIOR\" data-attachment-id=\"969\" data-type=\"image\" class=\"fg-thumb\"><span class=\"fg-image-wrap\"><img decoding=\"async\" title=\"5010001\" width=\"240\" height=\"140\" class=\"skip-lazy fg-image\" data-src-fg=\"https:\/\/www.janotti.com.br\/sports\/wp-content\/uploads\/2017\/07\/\u00d3CULOS-SUPERFLEX-JUNIOR.jpg\" src=\"data:image\/svg+xml,%3Csvg%20xmlns%3D%22http%3A%2F%2Fwww.w3.org%2F2000%2Fsvg%22%20width%3D%22240%22%20height%3D%22140%22%20viewBox%3D%220%200%20240%20140%22%3E%3C%2Fsvg%3E\" loading=\"eager\"><\/span><span class=\"fg-image-overlay\"><\/span><\/a><figcaption class=\"fg-caption\"><div class=\"fg-caption-inner\"><div class=\"fg-caption-title\">5010001<\/div><\/div><\/figcaption><\/figure><div class=\"fg-loader\"><\/div><\/div><div class=\"fg-item fg-type-image fg-idle\"><figure class=\"fg-item-inner\"><a href=\"https:\/\/www.janotti.com.br\/sports\/wp-content\/uploads\/2017\/07\/TOUCA-SHARK-JUNIOR.jpg\" data-caption-title=\"5000008\" data-caption-desc=\"TOUCA DE NATA\u00c7\u00c3O EM SILICONE SHARK JUNIOR \nREF.: 5000008VT - VIOLETA\nREF.: 5000008BU - AZUL\" data-attachment-id=\"982\" data-type=\"image\" class=\"fg-thumb\"><span class=\"fg-image-wrap\"><img decoding=\"async\" title=\"5000008\" width=\"240\" height=\"140\" class=\"skip-lazy fg-image\" data-src-fg=\"https:\/\/www.janotti.com.br\/sports\/wp-content\/uploads\/cache\/2017\/07\/TOUCA-SHARK-JUNIOR\/2110148383.jpg\" src=\"data:image\/svg+xml,%3Csvg%20xmlns%3D%22http%3A%2F%2Fwww.w3.org%2F2000%2Fsvg%22%20width%3D%22240%22%20height%3D%22140%22%20viewBox%3D%220%200%20240%20140%22%3E%3C%2Fsvg%3E\" loading=\"eager\"><\/span><span class=\"fg-image-overlay\"><\/span><\/a><figcaption class=\"fg-caption\"><div class=\"fg-caption-inner\"><div class=\"fg-caption-title\">5000008<\/div><\/div><\/figcaption><\/figure><div class=\"fg-loader\"><\/div><\/div><div class=\"fg-item fg-type-image fg-idle\"><figure class=\"fg-item-inner\"><a href=\"https:\/\/www.janotti.com.br\/sports\/wp-content\/uploads\/2017\/07\/SNORKEL-HIDRO-STAR.jpg\" data-caption-title=\"5090023\" data-caption-desc=\"SNORKEL M\u00c1SCARA DE NATA\u00c7\u00c3O HYDRO STAR | ADULTO\nMATERIAL: SILICONE\nCOR: AZUL\nTAMANHO S - M - L\" data-attachment-id=\"979\" data-type=\"image\" class=\"fg-thumb\"><span class=\"fg-image-wrap\"><img decoding=\"async\" title=\"5090023\" width=\"240\" height=\"140\" class=\"skip-lazy fg-image\" data-src-fg=\"https:\/\/www.janotti.com.br\/sports\/wp-content\/uploads\/cache\/2017\/07\/SNORKEL-HIDRO-STAR\/1844404479.jpg\" src=\"data:image\/svg+xml,%3Csvg%20xmlns%3D%22http%3A%2F%2Fwww.w3.org%2F2000%2Fsvg%22%20width%3D%22240%22%20height%3D%22140%22%20viewBox%3D%220%200%20240%20140%22%3E%3C%2Fsvg%3E\" loading=\"eager\"><\/span><span class=\"fg-image-overlay\"><\/span><\/a><figcaption class=\"fg-caption\"><div class=\"fg-caption-inner\"><div class=\"fg-caption-title\">5090023<\/div><\/div><\/figcaption><\/figure><div class=\"fg-loader\"><\/div><\/div><\/div>\r\n\n<input class=\"fooboxshare_post_id\" type=\"hidden\" value=\"251\"\/>","protected":false},"excerpt":{"rendered":"<div class=\"entry-summary\">\n<div class=\"link-more\"><a href=\"https:\/\/www.janotti.com.br\/sports\/sportcom\/sportcom-hydro\/\" class=\"more-link\">Continue reading<span class=\"screen-reader-text\"> &ldquo;Sportcom &#8211; Hydro&rdquo;<\/span>&hellip;<\/a><\/div>\n<\/div>\n<div class=\"link-more\"><a href=\"https:\/\/www.janotti.com.br\/sports\/sportcom\/sportcom-hydro\/\" class=\"more-link\">Continue reading<span class=\"screen-reader-text\"> &ldquo;Sportcom &#8211; Hydro&rdquo;<\/span>&hellip;<\/a><\/div>\n","protected":false},"author":1,"featured_media":0,"parent":212,"menu_order":0,"comment_status":"closed","ping_status":"closed","template":"page-template\/_fullwidth.php","meta":{"_acf_changed":false,"footnotes":""},"class_list":["post-251","page","type-page","status-publish","hentry","entry"],"acf":[],"yoast_head":"<!-- This site is optimized with the Yoast SEO plugin v23.7 - https:\/\/yoast.com\/wordpress\/plugins\/seo\/ -->\n<title>Sportcom - Hydro - Janotti Sports<\/title>\n<meta name=\"robots\" content=\"index, follow, max-snippet:-1, max-image-preview:large, max-video-preview:-1\" \/>\n<link rel=\"canonical\" href=\"https:\/\/www.janotti.com.br\/sports\/sportcom\/sportcom-hydro\/\" \/>\n<meta property=\"og:locale\" content=\"pt_BR\" \/>\n<meta property=\"og:type\" content=\"article\" \/>\n<meta property=\"og:title\" content=\"Sportcom - Hydro - Janotti Sports\" \/>\n<meta property=\"og:description\" content=\"Continue reading &ldquo;Sportcom &#8211; Hydro&rdquo;&hellip;\" \/>\n<meta property=\"og:url\" content=\"https:\/\/www.janotti.com.br\/sports\/sportcom\/sportcom-hydro\/\" \/>\n<meta property=\"og:site_name\" content=\"Janotti Sports\" \/>\n<meta property=\"article:modified_time\" content=\"2017-07-11T01:39:37+00:00\" \/>\n<meta name=\"twitter:card\" content=\"summary_large_image\" \/>\n<script type=\"application\/ld+json\" class=\"yoast-schema-graph\">{\"@context\":\"https:\/\/schema.org\",\"@graph\":[{\"@type\":\"WebPage\",\"@id\":\"https:\/\/www.janotti.com.br\/sports\/sportcom\/sportcom-hydro\/\",\"url\":\"https:\/\/www.janotti.com.br\/sports\/sportcom\/sportcom-hydro\/\",\"name\":\"Sportcom - Hydro - Janotti Sports\",\"isPartOf\":{\"@id\":\"https:\/\/www.janotti.com.br\/sports\/#website\"},\"datePublished\":\"2017-06-24T05:35:45+00:00\",\"dateModified\":\"2017-07-11T01:39:37+00:00\",\"breadcrumb\":{\"@id\":\"https:\/\/www.janotti.com.br\/sports\/sportcom\/sportcom-hydro\/#breadcrumb\"},\"inLanguage\":\"pt-BR\",\"potentialAction\":[{\"@type\":\"ReadAction\",\"target\":[\"https:\/\/www.janotti.com.br\/sports\/sportcom\/sportcom-hydro\/\"]}]},{\"@type\":\"BreadcrumbList\",\"@id\":\"https:\/\/www.janotti.com.br\/sports\/sportcom\/sportcom-hydro\/#breadcrumb\",\"itemListElement\":[{\"@type\":\"ListItem\",\"position\":1,\"name\":\"In\u00edcio\",\"item\":\"https:\/\/www.janotti.com.br\/sports\/\"},{\"@type\":\"ListItem\",\"position\":2,\"name\":\"Sportcom\",\"item\":\"https:\/\/www.janotti.com.br\/sports\/sportcom\/\"},{\"@type\":\"ListItem\",\"position\":3,\"name\":\"Sportcom &#8211; Hydro\"}]},{\"@type\":\"WebSite\",\"@id\":\"https:\/\/www.janotti.com.br\/sports\/#website\",\"url\":\"https:\/\/www.janotti.com.br\/sports\/\",\"name\":\"Janotti Sports\",\"description\":\"\",\"publisher\":{\"@id\":\"https:\/\/www.janotti.com.br\/sports\/#organization\"},\"potentialAction\":[{\"@type\":\"SearchAction\",\"target\":{\"@type\":\"EntryPoint\",\"urlTemplate\":\"https:\/\/www.janotti.com.br\/sports\/?s={search_term_string}\"},\"query-input\":{\"@type\":\"PropertyValueSpecification\",\"valueRequired\":true,\"valueName\":\"search_term_string\"}}],\"inLanguage\":\"pt-BR\"},{\"@type\":\"Organization\",\"@id\":\"https:\/\/www.janotti.com.br\/sports\/#organization\",\"name\":\"Janotti Sports\",\"url\":\"https:\/\/www.janotti.com.br\/sports\/\",\"logo\":{\"@type\":\"ImageObject\",\"inLanguage\":\"pt-BR\",\"@id\":\"https:\/\/www.janotti.com.br\/sports\/#\/schema\/logo\/image\/\",\"url\":\"https:\/\/www.janotti.com.br\/sports\/wp-content\/uploads\/2017\/05\/cropped-Logo-Janotti-sports-Site.png\",\"contentUrl\":\"https:\/\/www.janotti.com.br\/sports\/wp-content\/uploads\/2017\/05\/cropped-Logo-Janotti-sports-Site.png\",\"width\":273,\"height\":90,\"caption\":\"Janotti Sports\"},\"image\":{\"@id\":\"https:\/\/www.janotti.com.br\/sports\/#\/schema\/logo\/image\/\"}}]}<\/script>\n<!-- \/ Yoast SEO plugin. -->","yoast_head_json":{"title":"Sportcom - Hydro - Janotti Sports","robots":{"index":"index","follow":"follow","max-snippet":"max-snippet:-1","max-image-preview":"max-image-preview:large","max-video-preview":"max-video-preview:-1"},"canonical":"https:\/\/www.janotti.com.br\/sports\/sportcom\/sportcom-hydro\/","og_locale":"pt_BR","og_type":"article","og_title":"Sportcom - Hydro - Janotti Sports","og_description":"Continue reading &ldquo;Sportcom &#8211; Hydro&rdquo;&hellip;","og_url":"https:\/\/www.janotti.com.br\/sports\/sportcom\/sportcom-hydro\/","og_site_name":"Janotti Sports","article_modified_time":"2017-07-11T01:39:37+00:00","twitter_card":"summary_large_image","schema":{"@context":"https:\/\/schema.org","@graph":[{"@type":"WebPage","@id":"https:\/\/www.janotti.com.br\/sports\/sportcom\/sportcom-hydro\/","url":"https:\/\/www.janotti.com.br\/sports\/sportcom\/sportcom-hydro\/","name":"Sportcom - Hydro - Janotti Sports","isPartOf":{"@id":"https:\/\/www.janotti.com.br\/sports\/#website"},"datePublished":"2017-06-24T05:35:45+00:00","dateModified":"2017-07-11T01:39:37+00:00","breadcrumb":{"@id":"https:\/\/www.janotti.com.br\/sports\/sportcom\/sportcom-hydro\/#breadcrumb"},"inLanguage":"pt-BR","potentialAction":[{"@type":"ReadAction","target":["https:\/\/www.janotti.com.br\/sports\/sportcom\/sportcom-hydro\/"]}]},{"@type":"BreadcrumbList","@id":"https:\/\/www.janotti.com.br\/sports\/sportcom\/sportcom-hydro\/#breadcrumb","itemListElement":[{"@type":"ListItem","position":1,"name":"In\u00edcio","item":"https:\/\/www.janotti.com.br\/sports\/"},{"@type":"ListItem","position":2,"name":"Sportcom","item":"https:\/\/www.janotti.com.br\/sports\/sportcom\/"},{"@type":"ListItem","position":3,"name":"Sportcom &#8211; Hydro"}]},{"@type":"WebSite","@id":"https:\/\/www.janotti.com.br\/sports\/#website","url":"https:\/\/www.janotti.com.br\/sports\/","name":"Janotti Sports","description":"","publisher":{"@id":"https:\/\/www.janotti.com.br\/sports\/#organization"},"potentialAction":[{"@type":"SearchAction","target":{"@type":"EntryPoint","urlTemplate":"https:\/\/www.janotti.com.br\/sports\/?s={search_term_string}"},"query-input":{"@type":"PropertyValueSpecification","valueRequired":true,"valueName":"search_term_string"}}],"inLanguage":"pt-BR"},{"@type":"Organization","@id":"https:\/\/www.janotti.com.br\/sports\/#organization","name":"Janotti Sports","url":"https:\/\/www.janotti.com.br\/sports\/","logo":{"@type":"ImageObject","inLanguage":"pt-BR","@id":"https:\/\/www.janotti.com.br\/sports\/#\/schema\/logo\/image\/","url":"https:\/\/www.janotti.com.br\/sports\/wp-content\/uploads\/2017\/05\/cropped-Logo-Janotti-sports-Site.png","contentUrl":"https:\/\/www.janotti.com.br\/sports\/wp-content\/uploads\/2017\/05\/cropped-Logo-Janotti-sports-Site.png","width":273,"height":90,"caption":"Janotti Sports"},"image":{"@id":"https:\/\/www.janotti.com.br\/sports\/#\/schema\/logo\/image\/"}}]}},"_links":{"self":[{"href":"https:\/\/www.janotti.com.br\/sports\/wp-json\/wp\/v2\/pages\/251"}],"collection":[{"href":"https:\/\/www.janotti.com.br\/sports\/wp-json\/wp\/v2\/pages"}],"about":[{"href":"https:\/\/www.janotti.com.br\/sports\/wp-json\/wp\/v2\/types\/page"}],"author":[{"embeddable":true,"href":"https:\/\/www.janotti.com.br\/sports\/wp-json\/wp\/v2\/users\/1"}],"replies":[{"embeddable":true,"href":"https:\/\/www.janotti.com.br\/sports\/wp-json\/wp\/v2\/comments?post=251"}],"version-history":[{"count":2,"href":"https:\/\/www.janotti.com.br\/sports\/wp-json\/wp\/v2\/pages\/251\/revisions"}],"predecessor-version":[{"id":990,"href":"https:\/\/www.janotti.com.br\/sports\/wp-json\/wp\/v2\/pages\/251\/revisions\/990"}],"up":[{"embeddable":true,"href":"https:\/\/www.janotti.com.br\/sports\/wp-json\/wp\/v2\/pages\/212"}],"wp:attachment":[{"href":"https:\/\/www.janotti.com.br\/sports\/wp-json\/wp\/v2\/media?parent=251"}],"curies":[{"name":"wp","href":"https:\/\/api.w.org\/{rel}","templated":true}]}}