{"id":4,"date":"2017-05-04T02:53:49","date_gmt":"2017-05-04T02:53:49","guid":{"rendered":"http:\/\/www.janotti.com.br\/sports\/?page_id=4"},"modified":"2017-07-11T00:29:13","modified_gmt":"2017-07-11T03:29:13","slug":"home","status":"publish","type":"page","link":"https:\/\/www.janotti.com.br\/sports\/","title":{"rendered":"Home"},"content":{"rendered":"<p style=\"text-align: center;\"><div class=\"eds-animate edsanimate-sis-hidden \" data-eds-entry-animation=\"fadeInDown\" data-eds-entry-delay=\"0\" data-eds-entry-duration=\"0.5\" data-eds-entry-timing=\"linear\" data-eds-exit-animation=\"\" data-eds-exit-delay=\"\" data-eds-exit-duration=\"\" data-eds-exit-timing=\"\" data-eds-repeat-count=\"1\" data-eds-keep=\"yes\" data-eds-animate-on=\"load\" data-eds-scroll-offset=\"\"><img loading=\"lazy\" decoding=\"async\" class=\"wp-image-160 aligncenter\" src=\"http:\/\/www.janotti.com.br\/sports\/wp-content\/uploads\/2017\/05\/arabesco1-e1495255466170.png\" alt=\"\" width=\"248\" height=\"40\" \/><\/div><div class=\"eds-animate edsanimate-sis-hidden \" data-eds-entry-animation=\"fadeIn\" data-eds-entry-delay=\"0\" data-eds-entry-duration=\"2\" data-eds-entry-timing=\"ease-in\" data-eds-exit-animation=\"\" data-eds-exit-delay=\"\" data-eds-exit-duration=\"\" data-eds-exit-timing=\"\" data-eds-repeat-count=\"1\" data-eds-keep=\"yes\" data-eds-animate-on=\"load\" data-eds-scroll-offset=\"\"><\/p>\n<p style=\"text-align: center;\">A Janotti Sports orgulha-se de atuar no Segmento de Artigos Esportivos h\u00e1 mais de 30 anos representando produtos de alta qualidade, realizando sua interface com o Cliente e oferecendo servi\u00e7os cada vez mais qualificados para que sua Empresa seja o maior sucesso.<\/p>\n<p style=\"text-align: center;\">Nosso ideal \u00e9 atender cada vez melhor nossos Clientes, representando e distribuindo as melhores marcas nacionais e importadas, buscando sempre o que h\u00e1 de melhor e mais avan\u00e7ado no mercado esportivo, proporcionando informa\u00e7\u00e3o e atualiza\u00e7\u00e3o, prevendo tend\u00eancias de mercado e desenvolvendo novas estrat\u00e9gias para fidelizar nossos Consumidores.<\/div><div class=\"eds-animate edsanimate-sis-hidden \" data-eds-entry-animation=\"fadeInUp\" data-eds-entry-delay=\"0\" data-eds-entry-duration=\"1.0\" data-eds-entry-timing=\"linear\" data-eds-exit-animation=\"\" data-eds-exit-delay=\"\" data-eds-exit-duration=\"\" data-eds-exit-timing=\"\" data-eds-repeat-count=\"1\" data-eds-keep=\"yes\" data-eds-animate-on=\"scroll\" data-eds-scroll-offset=\"75\"><img loading=\"lazy\" decoding=\"async\" class=\"aligncenter\" src=\"http:\/\/www.janotti.com.br\/sports\/wp-content\/uploads\/2017\/05\/arabesco1.png\" width=\"246\" height=\"40\" \/><\/div><\/p>\n<input class=\"fooboxshare_post_id\" type=\"hidden\" value=\"4\"\/>","protected":false},"excerpt":{"rendered":"<div class=\"entry-summary\">\n<div class=\"entry-summary\">\nA Janotti Sports orgulha-se de atuar no Segmento de Artigos Esportivos h\u00e1&hellip;\n<\/div>\n<div class=\"link-more\"><a href=\"https:\/\/www.janotti.com.br\/sports\/\" class=\"more-link\">Continue reading<span class=\"screen-reader-text\"> &ldquo;Home&rdquo;<\/span>&hellip;<\/a><\/div>\n<\/div>\n<div class=\"link-more\"><a href=\"https:\/\/www.janotti.com.br\/sports\/\" class=\"more-link\">Continue reading<span class=\"screen-reader-text\"> &ldquo;Home&rdquo;<\/span>&hellip;<\/a><\/div>\n","protected":false},"author":1,"featured_media":0,"parent":0,"menu_order":0,"comment_status":"closed","ping_status":"closed","template":"page-template\/_fullwidth.php","meta":{"_acf_changed":false,"footnotes":""},"class_list":["post-4","page","type-page","status-publish","hentry","entry"],"acf":[],"yoast_head":"<!-- This site is optimized with the Yoast SEO plugin v23.7 - https:\/\/yoast.com\/wordpress\/plugins\/seo\/ -->\n<title>Janotti Sports<\/title>\n<meta name=\"description\" content=\"A Janotti Representa\u00e7\u00f5es orgulha-se de atuar no Segmento de Artigos Esportivos h\u00e1 mais de 30 anos representando produtos de alta qualidade.\" \/>\n<meta name=\"robots\" content=\"index, follow, max-snippet:-1, max-image-preview:large, max-video-preview:-1\" \/>\n<link rel=\"canonical\" href=\"https:\/\/www.janotti.com.br\/sports\/\" \/>\n<meta property=\"og:locale\" content=\"pt_BR\" \/>\n<meta property=\"og:type\" content=\"article\" \/>\n<meta property=\"og:title\" content=\"Janotti Sports\" \/>\n<meta property=\"og:description\" content=\"A Janotti Representa\u00e7\u00f5es orgulha-se de atuar no Segmento de Artigos Esportivos h\u00e1 mais de 30 anos representando produtos de alta qualidade.\" \/>\n<meta property=\"og:url\" content=\"https:\/\/www.janotti.com.br\/sports\/\" \/>\n<meta property=\"og:site_name\" content=\"Janotti Sports\" \/>\n<meta property=\"article:modified_time\" content=\"2017-07-11T03:29:13+00:00\" \/>\n<meta property=\"og:image\" content=\"http:\/\/www.janotti.com.br\/sports\/wp-content\/uploads\/2017\/05\/arabesco1-e1495255466170.png\" \/>\n<meta name=\"twitter:card\" content=\"summary_large_image\" \/>\n<meta name=\"twitter:label1\" content=\"Est. tempo de leitura\" \/>\n\t<meta name=\"twitter:data1\" content=\"1 minuto\" \/>\n<script type=\"application\/ld+json\" class=\"yoast-schema-graph\">{\"@context\":\"https:\/\/schema.org\",\"@graph\":[{\"@type\":\"WebPage\",\"@id\":\"https:\/\/www.janotti.com.br\/sports\/\",\"url\":\"https:\/\/www.janotti.com.br\/sports\/\",\"name\":\"Janotti Sports\",\"isPartOf\":{\"@id\":\"https:\/\/www.janotti.com.br\/sports\/#website\"},\"primaryImageOfPage\":{\"@id\":\"https:\/\/www.janotti.com.br\/sports\/#primaryimage\"},\"image\":{\"@id\":\"https:\/\/www.janotti.com.br\/sports\/#primaryimage\"},\"thumbnailUrl\":\"http:\/\/www.janotti.com.br\/sports\/wp-content\/uploads\/2017\/05\/arabesco1-e1495255466170.png\",\"datePublished\":\"2017-05-04T02:53:49+00:00\",\"dateModified\":\"2017-07-11T03:29:13+00:00\",\"description\":\"A Janotti Representa\u00e7\u00f5es orgulha-se de atuar no Segmento de Artigos Esportivos h\u00e1 mais de 30 anos representando produtos de alta qualidade.\",\"breadcrumb\":{\"@id\":\"https:\/\/www.janotti.com.br\/sports\/#breadcrumb\"},\"inLanguage\":\"pt-BR\",\"potentialAction\":[{\"@type\":\"ReadAction\",\"target\":[\"https:\/\/www.janotti.com.br\/sports\/\"]}]},{\"@type\":\"ImageObject\",\"inLanguage\":\"pt-BR\",\"@id\":\"https:\/\/www.janotti.com.br\/sports\/#primaryimage\",\"url\":\"http:\/\/www.janotti.com.br\/sports\/wp-content\/uploads\/2017\/05\/arabesco1-e1495255466170.png\",\"contentUrl\":\"http:\/\/www.janotti.com.br\/sports\/wp-content\/uploads\/2017\/05\/arabesco1-e1495255466170.png\"},{\"@type\":\"BreadcrumbList\",\"@id\":\"https:\/\/www.janotti.com.br\/sports\/#breadcrumb\",\"itemListElement\":[{\"@type\":\"ListItem\",\"position\":1,\"name\":\"In\u00edcio\",\"item\":\"https:\/\/www.janotti.com.br\/sports\/\"},{\"@type\":\"ListItem\",\"position\":2,\"name\":\"Home\"}]},{\"@type\":\"WebSite\",\"@id\":\"https:\/\/www.janotti.com.br\/sports\/#website\",\"url\":\"https:\/\/www.janotti.com.br\/sports\/\",\"name\":\"Janotti Sports\",\"description\":\"\",\"publisher\":{\"@id\":\"https:\/\/www.janotti.com.br\/sports\/#organization\"},\"potentialAction\":[{\"@type\":\"SearchAction\",\"target\":{\"@type\":\"EntryPoint\",\"urlTemplate\":\"https:\/\/www.janotti.com.br\/sports\/?s={search_term_string}\"},\"query-input\":{\"@type\":\"PropertyValueSpecification\",\"valueRequired\":true,\"valueName\":\"search_term_string\"}}],\"inLanguage\":\"pt-BR\"},{\"@type\":\"Organization\",\"@id\":\"https:\/\/www.janotti.com.br\/sports\/#organization\",\"name\":\"Janotti Sports\",\"url\":\"https:\/\/www.janotti.com.br\/sports\/\",\"logo\":{\"@type\":\"ImageObject\",\"inLanguage\":\"pt-BR\",\"@id\":\"https:\/\/www.janotti.com.br\/sports\/#\/schema\/logo\/image\/\",\"url\":\"https:\/\/www.janotti.com.br\/sports\/wp-content\/uploads\/2017\/05\/cropped-Logo-Janotti-sports-Site.png\",\"contentUrl\":\"https:\/\/www.janotti.com.br\/sports\/wp-content\/uploads\/2017\/05\/cropped-Logo-Janotti-sports-Site.png\",\"width\":273,\"height\":90,\"caption\":\"Janotti Sports\"},\"image\":{\"@id\":\"https:\/\/www.janotti.com.br\/sports\/#\/schema\/logo\/image\/\"}}]}<\/script>\n<!-- \/ Yoast SEO plugin. -->","yoast_head_json":{"title":"Janotti Sports","description":"A Janotti Representa\u00e7\u00f5es orgulha-se de atuar no Segmento de Artigos Esportivos h\u00e1 mais de 30 anos representando produtos de alta qualidade.","robots":{"index":"index","follow":"follow","max-snippet":"max-snippet:-1","max-image-preview":"max-image-preview:large","max-video-preview":"max-video-preview:-1"},"canonical":"https:\/\/www.janotti.com.br\/sports\/","og_locale":"pt_BR","og_type":"article","og_title":"Janotti Sports","og_description":"A Janotti Representa\u00e7\u00f5es orgulha-se de atuar no Segmento de Artigos Esportivos h\u00e1 mais de 30 anos representando produtos de alta qualidade.","og_url":"https:\/\/www.janotti.com.br\/sports\/","og_site_name":"Janotti Sports","article_modified_time":"2017-07-11T03:29:13+00:00","og_image":[{"url":"http:\/\/www.janotti.com.br\/sports\/wp-content\/uploads\/2017\/05\/arabesco1-e1495255466170.png"}],"twitter_card":"summary_large_image","twitter_misc":{"Est. tempo de leitura":"1 minuto"},"schema":{"@context":"https:\/\/schema.org","@graph":[{"@type":"WebPage","@id":"https:\/\/www.janotti.com.br\/sports\/","url":"https:\/\/www.janotti.com.br\/sports\/","name":"Janotti Sports","isPartOf":{"@id":"https:\/\/www.janotti.com.br\/sports\/#website"},"primaryImageOfPage":{"@id":"https:\/\/www.janotti.com.br\/sports\/#primaryimage"},"image":{"@id":"https:\/\/www.janotti.com.br\/sports\/#primaryimage"},"thumbnailUrl":"http:\/\/www.janotti.com.br\/sports\/wp-content\/uploads\/2017\/05\/arabesco1-e1495255466170.png","datePublished":"2017-05-04T02:53:49+00:00","dateModified":"2017-07-11T03:29:13+00:00","description":"A Janotti Representa\u00e7\u00f5es orgulha-se de atuar no Segmento de Artigos Esportivos h\u00e1 mais de 30 anos representando produtos de alta qualidade.","breadcrumb":{"@id":"https:\/\/www.janotti.com.br\/sports\/#breadcrumb"},"inLanguage":"pt-BR","potentialAction":[{"@type":"ReadAction","target":["https:\/\/www.janotti.com.br\/sports\/"]}]},{"@type":"ImageObject","inLanguage":"pt-BR","@id":"https:\/\/www.janotti.com.br\/sports\/#primaryimage","url":"http:\/\/www.janotti.com.br\/sports\/wp-content\/uploads\/2017\/05\/arabesco1-e1495255466170.png","contentUrl":"http:\/\/www.janotti.com.br\/sports\/wp-content\/uploads\/2017\/05\/arabesco1-e1495255466170.png"},{"@type":"BreadcrumbList","@id":"https:\/\/www.janotti.com.br\/sports\/#breadcrumb","itemListElement":[{"@type":"ListItem","position":1,"name":"In\u00edcio","item":"https:\/\/www.janotti.com.br\/sports\/"},{"@type":"ListItem","position":2,"name":"Home"}]},{"@type":"WebSite","@id":"https:\/\/www.janotti.com.br\/sports\/#website","url":"https:\/\/www.janotti.com.br\/sports\/","name":"Janotti Sports","description":"","publisher":{"@id":"https:\/\/www.janotti.com.br\/sports\/#organization"},"potentialAction":[{"@type":"SearchAction","target":{"@type":"EntryPoint","urlTemplate":"https:\/\/www.janotti.com.br\/sports\/?s={search_term_string}"},"query-input":{"@type":"PropertyValueSpecification","valueRequired":true,"valueName":"search_term_string"}}],"inLanguage":"pt-BR"},{"@type":"Organization","@id":"https:\/\/www.janotti.com.br\/sports\/#organization","name":"Janotti Sports","url":"https:\/\/www.janotti.com.br\/sports\/","logo":{"@type":"ImageObject","inLanguage":"pt-BR","@id":"https:\/\/www.janotti.com.br\/sports\/#\/schema\/logo\/image\/","url":"https:\/\/www.janotti.com.br\/sports\/wp-content\/uploads\/2017\/05\/cropped-Logo-Janotti-sports-Site.png","contentUrl":"https:\/\/www.janotti.com.br\/sports\/wp-content\/uploads\/2017\/05\/cropped-Logo-Janotti-sports-Site.png","width":273,"height":90,"caption":"Janotti Sports"},"image":{"@id":"https:\/\/www.janotti.com.br\/sports\/#\/schema\/logo\/image\/"}}]}},"_links":{"self":[{"href":"https:\/\/www.janotti.com.br\/sports\/wp-json\/wp\/v2\/pages\/4"}],"collection":[{"href":"https:\/\/www.janotti.com.br\/sports\/wp-json\/wp\/v2\/pages"}],"about":[{"href":"https:\/\/www.janotti.com.br\/sports\/wp-json\/wp\/v2\/types\/page"}],"author":[{"embeddable":true,"href":"https:\/\/www.janotti.com.br\/sports\/wp-json\/wp\/v2\/users\/1"}],"replies":[{"embeddable":true,"href":"https:\/\/www.janotti.com.br\/sports\/wp-json\/wp\/v2\/comments?post=4"}],"version-history":[{"count":19,"href":"https:\/\/www.janotti.com.br\/sports\/wp-json\/wp\/v2\/pages\/4\/revisions"}],"predecessor-version":[{"id":1042,"href":"https:\/\/www.janotti.com.br\/sports\/wp-json\/wp\/v2\/pages\/4\/revisions\/1042"}],"wp:attachment":[{"href":"https:\/\/www.janotti.com.br\/sports\/wp-json\/wp\/v2\/media?parent=4"}],"curies":[{"name":"wp","href":"https:\/\/api.w.org\/{rel}","templated":true}]}}